{"id":4483,"date":"2021-06-06T23:08:34","date_gmt":"2021-06-07T02:08:34","guid":{"rendered":"https:\/\/faubai.org.br\/?page_id=4483"},"modified":"2024-02-12T16:42:45","modified_gmt":"2024-02-12T19:42:45","slug":"declaracao-niea","status":"publish","type":"page","link":"https:\/\/faubai.org.br\/en\/projetos\/declaracao-niea\/","title":{"rendered":"DECLARA\u00c7\u00c3O CONJUNTA DA NIEA REFOR\u00c7A A IMPORT\u00c2NCIA DA INTERNACIONALIZA\u00c7\u00c3O DA EDUCA\u00c7\u00c3O SUPERIOR E DA PESQUISA"},"content":{"rendered":"<div data-elementor-type=\"wp-page\" data-elementor-id=\"4483\" class=\"elementor elementor-4483\">\n\t\t\t\t\t\t<section class=\"elementor-section elementor-top-section elementor-element elementor-element-3ac30fe elementor-section-boxed elementor-section-height-default elementor-section-height-default\" data-id=\"3ac30fe\" data-element_type=\"section\">\r\n\t\t\r\n\t\t\t\t\t\t\t<div class=\"elementor-container elementor-column-gap-default\">\r\n\t\t\t\t\t\t\t\t\t\t\t<div class=\"elementor-column elementor-col-100 elementor-top-column elementor-element elementor-element-caa081f\" data-id=\"caa081f\" data-element_type=\"column\">\r\n\t\t\t\t\t<div class=\"elementor-widget-wrap elementor-element-populated\">\r\n\t\t\t\t\t\t\t\t<div class=\"elementor-element elementor-element-7fe2c71 elementor-widget elementor-widget-heading\" data-id=\"7fe2c71\" data-element_type=\"widget\" data-widget_type=\"heading.default\">\n\t\t\t\t<div class=\"elementor-widget-container\">\n\t\t\t<h2 class=\"elementor-heading-title elementor-size-default\">DECLARA\u00c7\u00c3O CONJUNTA DA NIEA REFOR\u00c7A A IMPORT\u00c2NCIA DA INTERNACIONALIZA\u00c7\u00c3O DA EDUCA\u00c7\u00c3O SUPERIOR E DA PESQUISA<\/h2>\t\t<\/div>\n\t\t\t\t<\/div>\n\t\t\t\t\t<\/div>\r\n\t\t\t\t<\/div>\r\n\t\t\t\t\t<\/div>\r\n\t\t\t\t<\/section>\r\n\t\t\t\t<section class=\"elementor-section elementor-top-section elementor-element elementor-element-3c0fda2 elementor-section-boxed elementor-section-height-default elementor-section-height-default\" data-id=\"3c0fda2\" data-element_type=\"section\">\r\n\t\t\r\n\t\t\t\t\t\t\t<div class=\"elementor-container elementor-column-gap-default\">\r\n\t\t\t\t\t\t\t\t\t\t\t<div class=\"elementor-column elementor-col-100 elementor-top-column elementor-element elementor-element-e68e778\" data-id=\"e68e778\" data-element_type=\"column\">\r\n\t\t\t\t\t<div class=\"elementor-widget-wrap elementor-element-populated\">\r\n\t\t\t\t\t\t\t\t<div class=\"elementor-element elementor-element-24e0d1f elementor-widget elementor-widget-text-editor\" data-id=\"24e0d1f\" data-element_type=\"widget\" data-widget_type=\"text-editor.default\">\n\t\t\t\t<div class=\"elementor-widget-container\">\n\t\t\t\t\t\t\tComo integrante da Rede de Associa\u00e7\u00f5es de Educa\u00e7\u00e3o Internacional (NIEA) e organiza\u00e7\u00e3o voltada para o desenvolvimento do processo de internacionaliza\u00e7\u00e3o das IES brasileiras, a FAUBAI assina e divulga a Declara\u00e7\u00e3o Conjunta da NIEA sobre a Import\u00e2ncia da internacionaliza\u00e7\u00e3o da Educa\u00e7\u00e3o Superior e da Pesquisa. O texto reafirma a import\u00e2ncia da internacionaliza\u00e7\u00e3o da educa\u00e7\u00e3o superior para um futuro mais sustent\u00e1vel e melhor para todos, reconhecendo a colabora\u00e7\u00e3o internacional como essencial para encontrar solu\u00e7\u00f5es aos problemas globais, mesmo no complexo contexto da COVID-19.\n\nA declara\u00e7\u00e3o faz um apelo aos Governos Nacionais e Institui\u00e7\u00f5es de Ensino Superior: aos governos, pede que garantam que as IES\u00a0 sejam consideradas como protagonistas centrais para se atingir o desenvolvimento sustent\u00e1vel; que apoiem a internacionaliza\u00e7\u00e3o da educa\u00e7\u00e3o superior e da pesquisa e aumentem globalmente o acesso a oportunidades de internacionaliza\u00e7\u00e3o; que garantam equidade; e que tenham maior abertura para promover inova\u00e7\u00e3o na coopera\u00e7\u00e3o em pesquisa e internacionaliza\u00e7\u00e3o da educa\u00e7\u00e3o superior.\n\n\u00c0s Institui\u00e7\u00f5es de Ensino Superior, o documento apela que promovam e participem de colabora\u00e7\u00e3o transetorial; aumentem a diversidade \u2013 eliminando a discrimina\u00e7\u00e3o \u2013 e o desenvolvimento e a dissemina\u00e7\u00e3o do conhecimento; desenvolvam programas co-curriculares e implementem Internacionaliza\u00e7\u00e3o em Casa; al\u00e9m de que estabele\u00e7am compromisso institucional com a sociedade.\n\n<a href=\"\/pt-br\/wp-content\/uploads\/2020\/09\/FAUBAI-NIEA-Declaracao-Importancia-da-Internacionalizacao-da-Educacao-Superior-e-da-Pesquisa-1.pdf\" target=\"_blank\" rel=\"noreferrer noopener\">A declara\u00e7\u00e3o completa est\u00e1 dispon\u00edvel aqui.\u00a0<\/a>\t\t\t\t\t\t<\/div>\n\t\t\t\t<\/div>\n\t\t\t\t\t<\/div>\r\n\t\t\t\t<\/div>\r\n\t\t\t\t\t<\/div>\r\n\t\t\t\t<\/section>\r\n\t\t\t\t<\/div>","protected":false},"excerpt":{"rendered":"<p>DECLARA\u00c7\u00c3O CONJUNTA DA NIEA REFOR\u00c7A A IMPORT\u00c2NCIA DA INTERNACIONALIZA\u00c7\u00c3O DA EDUCA\u00c7\u00c3O SUPERIOR E DA PESQUISA Como integrante da Rede de Associa\u00e7\u00f5es de Educa\u00e7\u00e3o Internacional (NIEA) e organiza\u00e7\u00e3o voltada para o [&hellip;]<\/p>","protected":false},"author":1,"featured_media":0,"parent":3794,"menu_order":0,"comment_status":"closed","ping_status":"closed","template":"","meta":{"_bbp_topic_count":0,"_bbp_reply_count":0,"_bbp_total_topic_count":0,"_bbp_total_reply_count":0,"_bbp_voice_count":0,"_bbp_anonymous_reply_count":0,"_bbp_topic_count_hidden":0,"_bbp_reply_count_hidden":0,"_bbp_forum_subforum_count":0,"_monsterinsights_skip_tracking":false,"_monsterinsights_sitenote_active":false,"_monsterinsights_sitenote_note":"","_monsterinsights_sitenote_category":0,"footnotes":""},"class_list":["post-4483","page","type-page","status-publish","hentry"],"_links":{"self":[{"href":"https:\/\/faubai.org.br\/en\/wp-json\/wp\/v2\/pages\/4483","targetHints":{"allow":["GET"]}}],"collection":[{"href":"https:\/\/faubai.org.br\/en\/wp-json\/wp\/v2\/pages"}],"about":[{"href":"https:\/\/faubai.org.br\/en\/wp-json\/wp\/v2\/types\/page"}],"author":[{"embeddable":true,"href":"https:\/\/faubai.org.br\/en\/wp-json\/wp\/v2\/users\/1"}],"replies":[{"embeddable":true,"href":"https:\/\/faubai.org.br\/en\/wp-json\/wp\/v2\/comments?post=4483"}],"version-history":[{"count":16,"href":"https:\/\/faubai.org.br\/en\/wp-json\/wp\/v2\/pages\/4483\/revisions"}],"predecessor-version":[{"id":5406,"href":"https:\/\/faubai.org.br\/en\/wp-json\/wp\/v2\/pages\/4483\/revisions\/5406"}],"up":[{"embeddable":true,"href":"https:\/\/faubai.org.br\/en\/wp-json\/wp\/v2\/pages\/3794"}],"wp:attachment":[{"href":"https:\/\/faubai.org.br\/en\/wp-json\/wp\/v2\/media?parent=4483"}],"curies":[{"name":"wp","href":"https:\/\/api.w.org\/{rel}","templated":true}]}}