{"id":4391,"date":"2021-06-04T17:54:25","date_gmt":"2021-06-04T20:54:25","guid":{"rendered":"https:\/\/faubai.org.br\/?page_id=4391"},"modified":"2021-06-06T17:58:10","modified_gmt":"2021-06-06T20:58:10","slug":"international-talks","status":"publish","type":"page","link":"https:\/\/faubai.org.br\/en\/projetos\/international-talks\/","title":{"rendered":"International Talks"},"content":{"rendered":"<div data-elementor-type=\"wp-page\" data-elementor-id=\"4391\" class=\"elementor elementor-4391\">\n\t\t\t\t\t\t<section class=\"elementor-section elementor-top-section elementor-element elementor-element-3ac30fe elementor-section-boxed elementor-section-height-default elementor-section-height-default\" data-id=\"3ac30fe\" data-element_type=\"section\">\r\n\t\t\r\n\t\t\t\t\t\t\t<div class=\"elementor-container elementor-column-gap-default\">\r\n\t\t\t\t\t\t\t\t\t\t\t<div class=\"elementor-column elementor-col-100 elementor-top-column elementor-element elementor-element-caa081f\" data-id=\"caa081f\" data-element_type=\"column\">\r\n\t\t\t\t\t<div class=\"elementor-widget-wrap elementor-element-populated\">\r\n\t\t\t\t\t\t\t\t<div class=\"elementor-element elementor-element-7fe2c71 elementor-widget elementor-widget-heading\" data-id=\"7fe2c71\" data-element_type=\"widget\" data-widget_type=\"heading.default\">\n\t\t\t\t<div class=\"elementor-widget-container\">\n\t\t\t<h2 class=\"elementor-heading-title elementor-size-default\">INTERNATIONAL TALKS<\/h2>\t\t<\/div>\n\t\t\t\t<\/div>\n\t\t\t\t\t<\/div>\r\n\t\t\t\t<\/div>\r\n\t\t\t\t\t<\/div>\r\n\t\t\t\t<\/section>\r\n\t\t\t\t<section class=\"elementor-section elementor-top-section elementor-element elementor-element-6f76f98 elementor-section-boxed elementor-section-height-default elementor-section-height-default\" data-id=\"6f76f98\" data-element_type=\"section\">\r\n\t\t\r\n\t\t\t\t\t\t\t<div class=\"elementor-container elementor-column-gap-default\">\r\n\t\t\t\t\t\t\t\t\t\t\t<div class=\"elementor-column elementor-col-100 elementor-top-column elementor-element elementor-element-a9561e2\" data-id=\"a9561e2\" data-element_type=\"column\">\r\n\t\t\t\t\t<div class=\"elementor-widget-wrap elementor-element-populated\">\r\n\t\t\t\t\t\t\t\t<div class=\"elementor-element elementor-element-09f560d elementor-widget elementor-widget-text-editor\" data-id=\"09f560d\" data-element_type=\"widget\" data-widget_type=\"text-editor.default\">\n\t\t\t\t<div class=\"elementor-widget-container\">\n\t\t\t\t\t\t\t<p class=\"has-text-align-left\">A FAUBAI e o British Council realizam, de outubro a dezembro de 2020, a\u00a0<strong>\u201cInternational Talks\u201d Webinar Series<\/strong>\u00a0sobre temas ligados \u00e0 internacionaliza\u00e7\u00e3o da educa\u00e7\u00e3o superior.<\/p><p class=\"has-text-align-left\">O primeiro Webin\u00e1rio \u201cIndicadores na Internacionaliza\u00e7\u00e3o\u201d foi realizado em 07\/10\/20 e contou com a participa\u00e7\u00e3o de Maria Leonor Alves Maia (Presidente da FAUBAI), Ren\u00e9e Zicman (Diretora Executiva da FAUBAI), Vera Oliveira (Gerente S\u00eanior de Educa\u00e7\u00e3o Superior do British Council) e Tania Lima (Diretora Geral de Global Engagement do King\u2019s College London), e com a modera\u00e7\u00e3o de Dalmo Mandelli (Assessor de Rela\u00e7\u00f5es Internacionais da Universidade Federal do ABC).<\/p><p class=\"has-text-align-left\">O evento teve o objetivo de abordar indicadores e m\u00e9tricas de grau internacionaliza\u00e7\u00e3o de IES. O webin\u00e1rio tamb\u00e9m marcou o lan\u00e7amento oficial da 3\u00aa edi\u00e7\u00e3o da publica\u00e7\u00e3o Universidades para o Mundo \u2013 Em busca da qualidade na internacionaliza\u00e7\u00e3o -, organizada pelo British Council (<a href=\"https:\/\/www.britishcouncil.org.br\/sites\/default\/files\/final_bc3_digital_nova.pdf\" target=\"_blank\" rel=\"noreferrer noopener\">https:\/\/www.britishcouncil.org.br\/sites\/default\/files\/final_bc3_digital_nova.pdf<\/a>).<\/p><p class=\"has-text-align-left\"><strong>S\u00e9rie British Council \u2013 FAUBAI \u201cInternational Talks\u201d:<\/strong>\u00a0(em ingl\u00eas, sem tradu\u00e7\u00e3o, \u00e0 exce\u00e7\u00e3o do primeiro):<\/p><p class=\"has-text-align-left\">07\/10 \u2013 Indicadores na Internacionaliza\u00e7\u00e3o:<\/p>\t\t\t\t\t\t<\/div>\n\t\t\t\t<\/div>\n\t\t\t\t<div class=\"elementor-element elementor-element-c382123 elementor-widget elementor-widget-video\" data-id=\"c382123\" data-element_type=\"widget\" data-settings=\"{&quot;youtube_url&quot;:&quot;https:\\\/\\\/www.youtube.com\\\/watch?v=NYlE7SOLtmw&quot;,&quot;video_type&quot;:&quot;youtube&quot;,&quot;controls&quot;:&quot;yes&quot;}\" data-widget_type=\"video.default\">\n\t\t\t\t<div class=\"elementor-widget-container\">\n\t\t\t\t\t<div class=\"elementor-wrapper elementor-open-inline\">\n\t\t\t<div class=\"elementor-video\"><\/div>\t\t<\/div>\n\t\t\t\t<\/div>\n\t\t\t\t<\/div>\n\t\t\t\t<div class=\"elementor-element elementor-element-fbe9be6 elementor-widget elementor-widget-text-editor\" data-id=\"fbe9be6\" data-element_type=\"widget\" data-widget_type=\"text-editor.default\">\n\t\t\t\t<div class=\"elementor-widget-container\">\n\t\t\t\t\t\t\t<p>11\/11 \u2013 Streamling of Processes and Internationalization:<\/p>\t\t\t\t\t\t<\/div>\n\t\t\t\t<\/div>\n\t\t\t\t<div class=\"elementor-element elementor-element-2627903 elementor-widget elementor-widget-video\" data-id=\"2627903\" data-element_type=\"widget\" data-settings=\"{&quot;youtube_url&quot;:&quot;https:\\\/\\\/www.youtube.com\\\/watch?v=OYtI3oCKEIQ&quot;,&quot;video_type&quot;:&quot;youtube&quot;,&quot;controls&quot;:&quot;yes&quot;}\" data-widget_type=\"video.default\">\n\t\t\t\t<div class=\"elementor-widget-container\">\n\t\t\t\t\t<div class=\"elementor-wrapper elementor-open-inline\">\n\t\t\t<div class=\"elementor-video\"><\/div>\t\t<\/div>\n\t\t\t\t<\/div>\n\t\t\t\t<\/div>\n\t\t\t\t<div class=\"elementor-element elementor-element-555d7c4 elementor-widget elementor-widget-text-editor\" data-id=\"555d7c4\" data-element_type=\"widget\" data-widget_type=\"text-editor.default\">\n\t\t\t\t<div class=\"elementor-widget-container\">\n\t\t\t\t\t\t\t<p>25\/11 \u2013 Language Policies and Internationalization:<\/p><p><a href=\"https:\/\/bit.ly\/3nIPgWb\" target=\"_blank\" rel=\"noopener\">https:\/\/bit.ly\/3nIPgWb<\/a><\/p><p class=\"has-text-align-left\">12\/12 \u2013 Internationalization and Extension<\/p><p class=\"has-text-align-left\">16\/12 \u2013 Internationalization and Outreach:<\/p><p><a href=\"https:\/\/bit.ly\/37MFwnc\" target=\"_blank\" rel=\"noopener\">https:\/\/bit.ly\/37MFwnc<\/a><\/p>\t\t\t\t\t\t<\/div>\n\t\t\t\t<\/div>\n\t\t\t\t<div class=\"elementor-element elementor-element-949b1ef elementor-widget elementor-widget-image\" data-id=\"949b1ef\" data-element_type=\"widget\" data-widget_type=\"image.default\">\n\t\t\t\t<div class=\"elementor-widget-container\">\n\t\t\t\t\t\t\t\t\t\t\t\t\t<img fetchpriority=\"high\" decoding=\"async\" width=\"768\" height=\"581\" src=\"https:\/\/faubai.org.br\/wp-content\/uploads\/2021\/06\/InternationalTalks-1024x774-1-768x581.jpeg\" class=\"attachment-medium_large size-medium_large wp-image-4394\" alt=\"\" srcset=\"https:\/\/faubai.org.br\/wp-content\/uploads\/2021\/06\/InternationalTalks-1024x774-1-768x581.jpeg 768w, https:\/\/faubai.org.br\/wp-content\/uploads\/2021\/06\/InternationalTalks-1024x774-1-640x484.jpeg 640w, https:\/\/faubai.org.br\/wp-content\/uploads\/2021\/06\/InternationalTalks-1024x774-1-400x302.jpeg 400w, https:\/\/faubai.org.br\/wp-content\/uploads\/2021\/06\/InternationalTalks-1024x774-1-367x277.jpeg 367w\" sizes=\"(max-width: 768px) 100vw, 768px\" \/>\t\t\t\t\t\t\t\t\t\t\t\t\t<\/div>\n\t\t\t\t<\/div>\n\t\t\t\t\t<\/div>\r\n\t\t\t\t<\/div>\r\n\t\t\t\t\t<\/div>\r\n\t\t\t\t<\/section>\r\n\t\t\t\t<\/div>","protected":false},"excerpt":{"rendered":"<p>INTERNATIONAL TALKS A FAUBAI e o British Council realizam, de outubro a dezembro de 2020, a\u00a0S\u00e9rie de Webin\u00e1rios \u201cInternational Talks\u201d\u00a0sobre temas ligados \u00e0 internacionaliza\u00e7\u00e3o da educa\u00e7\u00e3o superior. O primeiro Webin\u00e1rio [&hellip;]<\/p>","protected":false},"author":1,"featured_media":0,"parent":3794,"menu_order":0,"comment_status":"closed","ping_status":"closed","template":"","meta":{"_bbp_topic_count":0,"_bbp_reply_count":0,"_bbp_total_topic_count":0,"_bbp_total_reply_count":0,"_bbp_voice_count":0,"_bbp_anonymous_reply_count":0,"_bbp_topic_count_hidden":0,"_bbp_reply_count_hidden":0,"_bbp_forum_subforum_count":0,"_monsterinsights_skip_tracking":false,"_monsterinsights_sitenote_active":false,"_monsterinsights_sitenote_note":"","_monsterinsights_sitenote_category":0,"footnotes":""},"class_list":["post-4391","page","type-page","status-publish","hentry"],"_links":{"self":[{"href":"https:\/\/faubai.org.br\/en\/wp-json\/wp\/v2\/pages\/4391","targetHints":{"allow":["GET"]}}],"collection":[{"href":"https:\/\/faubai.org.br\/en\/wp-json\/wp\/v2\/pages"}],"about":[{"href":"https:\/\/faubai.org.br\/en\/wp-json\/wp\/v2\/types\/page"}],"author":[{"embeddable":true,"href":"https:\/\/faubai.org.br\/en\/wp-json\/wp\/v2\/users\/1"}],"replies":[{"embeddable":true,"href":"https:\/\/faubai.org.br\/en\/wp-json\/wp\/v2\/comments?post=4391"}],"version-history":[{"count":4,"href":"https:\/\/faubai.org.br\/en\/wp-json\/wp\/v2\/pages\/4391\/revisions"}],"predecessor-version":[{"id":4397,"href":"https:\/\/faubai.org.br\/en\/wp-json\/wp\/v2\/pages\/4391\/revisions\/4397"}],"up":[{"embeddable":true,"href":"https:\/\/faubai.org.br\/en\/wp-json\/wp\/v2\/pages\/3794"}],"wp:attachment":[{"href":"https:\/\/faubai.org.br\/en\/wp-json\/wp\/v2\/media?parent=4391"}],"curies":[{"name":"wp","href":"https:\/\/api.w.org\/{rel}","templated":true}]}}