{"id":4238,"date":"2021-05-05T05:53:39","date_gmt":"2021-05-05T08:53:39","guid":{"rendered":"https:\/\/faubai.org.br?page_id=4238"},"modified":"2021-05-05T06:18:21","modified_gmt":"2021-05-05T09:18:21","slug":"atualizacao-de-cadastro","status":"publish","type":"page","link":"https:\/\/faubai.org.br\/en\/atualizacao-de-cadastro\/","title":{"rendered":"Registration update"},"content":{"rendered":"<div data-elementor-type=\"wp-page\" data-elementor-id=\"4238\" class=\"elementor elementor-4238\">\n\t\t\t\t\t\t<section class=\"elementor-section elementor-top-section elementor-element elementor-element-5d278e7 elementor-section-boxed elementor-section-height-default elementor-section-height-default\" data-id=\"5d278e7\" data-element_type=\"section\">\r\n\t\t\r\n\t\t\t\t\t\t\t<div class=\"elementor-container elementor-column-gap-default\">\r\n\t\t\t\t\t\t\t\t\t\t\t<div class=\"elementor-column elementor-col-100 elementor-top-column elementor-element elementor-element-237bc03\" data-id=\"237bc03\" data-element_type=\"column\">\r\n\t\t\t\t\t<div class=\"elementor-widget-wrap elementor-element-populated\">\r\n\t\t\t\t\t\t\t\t<div class=\"elementor-element elementor-element-311b7e9 elementor-widget elementor-widget-heading\" data-id=\"311b7e9\" data-element_type=\"widget\" data-widget_type=\"heading.default\">\n\t\t\t\t<div class=\"elementor-widget-container\">\n\t\t\t<h2 class=\"elementor-heading-title elementor-size-default\">Registration update<\/h2>\t\t<\/div>\n\t\t\t\t<\/div>\n\t\t\t\t\t<\/div>\r\n\t\t\t\t<\/div>\r\n\t\t\t\t\t<\/div>\r\n\t\t\t\t<\/section>\r\n\t\t\t\t<section class=\"elementor-section elementor-top-section elementor-element elementor-element-9c87931 elementor-section-boxed elementor-section-height-default elementor-section-height-default\" data-id=\"9c87931\" data-element_type=\"section\">\r\n\t\t\r\n\t\t\t\t\t\t\t<div class=\"elementor-container elementor-column-gap-default\">\r\n\t\t\t\t\t\t\t\t\t\t\t<div class=\"elementor-column elementor-col-100 elementor-top-column elementor-element elementor-element-d3f9f8f\" data-id=\"d3f9f8f\" data-element_type=\"column\">\r\n\t\t\t\t\t<div class=\"elementor-widget-wrap elementor-element-populated\">\r\n\t\t\t\t\t\t\t\t<div class=\"elementor-element elementor-element-276e8ed elementor-widget elementor-widget-text-editor\" data-id=\"276e8ed\" data-element_type=\"widget\" data-widget_type=\"text-editor.default\">\n\t\t\t\t<div class=\"elementor-widget-container\">\n\t\t\t\t\t\t\t<p>A atualiza\u00e7\u00e3o de cadastro \u00e9 de responsabilidade exclusiva do Associado, devendo ser realizada diretamente na \u00c1rea do Associado no site da FAUBAI, com login e senha de cada Associado.<\/p><p>A comunica\u00e7\u00e3o da FAUBAI com os Associados d\u00e1-se por meio dos dados de contato\u00a0 que constam no site da Associa\u00e7\u00e3o.<\/p><p>Para mais informa\u00e7\u00f5es sobre atualiza\u00e7\u00e3o de cadastro: <a href=\"mailto:faubai@faubai.org.br\" target=\"_blank\" rel=\"noopener\">faubai@faubai.org.br<\/a><\/p>\t\t\t\t\t\t<\/div>\n\t\t\t\t<\/div>\n\t\t\t\t\t<\/div>\r\n\t\t\t\t<\/div>\r\n\t\t\t\t\t<\/div>\r\n\t\t\t\t<\/section>\r\n\t\t\t\t<\/div>","protected":false},"excerpt":{"rendered":"<p>Atualiza\u00e7\u00e3o de Cadastro A atualiza\u00e7\u00e3o de cadastro \u00e9 de responsabilidade exclusiva do Associado, devendo ser realizada diretamente na \u00c1rea do Associado no site da FAUBAI, com login e senha de [&hellip;]<\/p>","protected":false},"author":1,"featured_media":0,"parent":0,"menu_order":0,"comment_status":"closed","ping_status":"closed","template":"","meta":{"_bbp_topic_count":0,"_bbp_reply_count":0,"_bbp_total_topic_count":0,"_bbp_total_reply_count":0,"_bbp_voice_count":0,"_bbp_anonymous_reply_count":0,"_bbp_topic_count_hidden":0,"_bbp_reply_count_hidden":0,"_bbp_forum_subforum_count":0,"_monsterinsights_skip_tracking":false,"_monsterinsights_sitenote_active":false,"_monsterinsights_sitenote_note":"","_monsterinsights_sitenote_category":0,"footnotes":""},"class_list":["post-4238","page","type-page","status-publish","hentry"],"_links":{"self":[{"href":"https:\/\/faubai.org.br\/en\/wp-json\/wp\/v2\/pages\/4238","targetHints":{"allow":["GET"]}}],"collection":[{"href":"https:\/\/faubai.org.br\/en\/wp-json\/wp\/v2\/pages"}],"about":[{"href":"https:\/\/faubai.org.br\/en\/wp-json\/wp\/v2\/types\/page"}],"author":[{"embeddable":true,"href":"https:\/\/faubai.org.br\/en\/wp-json\/wp\/v2\/users\/1"}],"replies":[{"embeddable":true,"href":"https:\/\/faubai.org.br\/en\/wp-json\/wp\/v2\/comments?post=4238"}],"version-history":[{"count":5,"href":"https:\/\/faubai.org.br\/en\/wp-json\/wp\/v2\/pages\/4238\/revisions"}],"predecessor-version":[{"id":4243,"href":"https:\/\/faubai.org.br\/en\/wp-json\/wp\/v2\/pages\/4238\/revisions\/4243"}],"wp:attachment":[{"href":"https:\/\/faubai.org.br\/en\/wp-json\/wp\/v2\/media?parent=4238"}],"curies":[{"name":"wp","href":"https:\/\/api.w.org\/{rel}","templated":true}]}}