{"id":4045,"date":"2021-02-02T02:55:18","date_gmt":"2021-02-02T04:55:18","guid":{"rendered":"https:\/\/faubai.org.br?page_id=4045"},"modified":"2024-02-12T16:46:53","modified_gmt":"2024-02-12T19:46:53","slug":"quartas-virtuais","status":"publish","type":"page","link":"https:\/\/faubai.org.br\/en\/projetos\/quartas-virtuais\/","title":{"rendered":"QUARTAS VIRTUAIS \u2013 WEBIN\u00c1RIOS FAUBAI"},"content":{"rendered":"<div data-elementor-type=\"wp-page\" data-elementor-id=\"4045\" class=\"elementor elementor-4045\">\n\t\t\t\t\t\t<section class=\"elementor-section elementor-top-section elementor-element elementor-element-3ac30fe elementor-section-boxed elementor-section-height-default elementor-section-height-default\" data-id=\"3ac30fe\" data-element_type=\"section\">\r\n\t\t\r\n\t\t\t\t\t\t\t<div class=\"elementor-container elementor-column-gap-default\">\r\n\t\t\t\t\t\t\t\t\t\t\t<div class=\"elementor-column elementor-col-100 elementor-top-column elementor-element elementor-element-caa081f\" data-id=\"caa081f\" data-element_type=\"column\">\r\n\t\t\t\t\t<div class=\"elementor-widget-wrap elementor-element-populated\">\r\n\t\t\t\t\t\t\t\t<div class=\"elementor-element elementor-element-7fe2c71 elementor-widget elementor-widget-heading\" data-id=\"7fe2c71\" data-element_type=\"widget\" data-widget_type=\"heading.default\">\n\t\t\t\t<div class=\"elementor-widget-container\">\n\t\t\t<h2 class=\"elementor-heading-title elementor-size-default\">QUARTAS VIRTUAIS \u2013 WEBIN\u00c1RIOS FAUBAI<\/h2>\t\t<\/div>\n\t\t\t\t<\/div>\n\t\t\t\t\t<\/div>\r\n\t\t\t\t<\/div>\r\n\t\t\t\t\t<\/div>\r\n\t\t\t\t<\/section>\r\n\t\t\t\t<section class=\"elementor-section elementor-top-section elementor-element elementor-element-6f76f98 elementor-section-boxed elementor-section-height-default elementor-section-height-default\" data-id=\"6f76f98\" data-element_type=\"section\">\r\n\t\t\r\n\t\t\t\t\t\t\t<div class=\"elementor-container elementor-column-gap-default\">\r\n\t\t\t\t\t\t\t\t\t\t\t<div class=\"elementor-column elementor-col-100 elementor-top-column elementor-element elementor-element-a9561e2\" data-id=\"a9561e2\" data-element_type=\"column\">\r\n\t\t\t\t\t<div class=\"elementor-widget-wrap elementor-element-populated\">\r\n\t\t\t\t\t\t\t\t<div class=\"elementor-element elementor-element-96ef8a2 elementor-widget elementor-widget-text-editor\" data-id=\"96ef8a2\" data-element_type=\"widget\" data-widget_type=\"text-editor.default\">\n\t\t\t\t<div class=\"elementor-widget-container\">\n\t\t\t\t\t\t\t<p>No contexto atual de impactos da COVID-19 ao redor do mundo, a FAUBAI criou o espa\u00e7o\u00a0<strong>Virtual Wednesdays \u2013 FAUBAI Webinars<\/strong>. \u00a0<\/p><p>A proposta dos webin\u00e1rios \u00e9 oferecer oportunidades de discuss\u00e3o e capacita\u00e7\u00e3o aos associados da FAUBAI, para melhor entendimento sobre desafios enfrentados e perspectivas futuras para a internacionaliza\u00e7\u00e3o da educa\u00e7\u00e3o superior, bem como compartilhamento de boas pr\u00e1ticas desenvolvidas por institui\u00e7\u00f5es brasileiras e estrangeiras.<\/p><p>Ao lado de encontros virtuais dedicados ao \u00a0<em>Programa BRaVE \u2013 Brazilian Virtual Exchange<\/em>, as\u00a0<strong>Quartas Virtuais<\/strong>\u00a0prop\u00f5em temas que t\u00eam merecido maior destaque no cen\u00e1rio mundial da educa\u00e7\u00e3o internacional.<\/p><p>O calend\u00e1rio dos eventos j\u00e1 realizados e dos pr\u00f3ximos eventos est\u00e1 dispon\u00edvel a seguir:<\/p><p>20\/05 \u2013 I Webin\u00e1rio FAUBAI|BRaVE:\u00a0<strong>Internacionaliza\u00e7\u00e3o em Casa via Interc\u00e2mbios Virtuais<\/strong>\u00a0(em portugu\u00eas | in Portuguese)<\/p><p>27\/05 \u2013 II Webin\u00e1rio FAUBAI|BRaVE: \u00a0<strong>Virtual Exchange and Global Learning\u00a0<\/strong>(em ingl\u00eas | in English)<\/p><p>03\/06 \u2013 III Webin\u00e1rio FAUBAI|BRaVE:\u00a0<strong>Experi\u00eancias na UFPE, UNESP e CPS<\/strong>\u00a0(em portugu\u00eas | in Portuguese)<\/p><p>10\/06 \u2013 IV Webin\u00e1rio FAUBAI|BRaVE:\u00a0<strong>International Centers of Virtual Exchange<\/strong>\u00a0(em ingl\u00eas | in English)<\/p><p>17\/06 \u2013 V Webin\u00e1rio FAUBAI:\u00a0<strong>Dialogues with International Education Associations<\/strong>\u00a0\u00a0(em ingl\u00eas | in English)<\/p><p>24\/06 \u2013 VI Webin\u00e1rio FAUBAI:\u00a0<strong>II Encontro de Redes para a Internacionaliza\u00e7\u00e3o na Am\u00e9rica Latina<\/strong><\/p><p>21\/07 \u2013 VII Webin\u00e1rio FAUBAI:<strong>\u00a0III Encontro de Redes para Internacionaliza\u00e7\u00e3o na Am\u00e9rica Latina<\/strong><\/p><p>30\/09 \u2013 VI Webin\u00e1rio FAUBAI:\u00a0<strong>Como divulgar sua institui\u00e7\u00e3o no exterior: o Portal Internacional da IES<\/strong><\/p><p>18\/11 \u2013 IX Webin\u00e1rio FAUBAI:\u00a0<strong>Como administrar um escrit\u00f3rio de Rela\u00e7\u00f5es Internacionais<\/strong><\/p>\t\t\t\t\t\t<\/div>\n\t\t\t\t<\/div>\n\t\t\t\t<div class=\"elementor-element elementor-element-ee27608 elementor-widget elementor-widget-video\" data-id=\"ee27608\" data-element_type=\"widget\" data-settings=\"{&quot;youtube_url&quot;:&quot;https:\\\/\\\/www.youtube.com\\\/watch?v=b2XTLJtZ-RE&quot;,&quot;video_type&quot;:&quot;youtube&quot;,&quot;controls&quot;:&quot;yes&quot;}\" data-widget_type=\"video.default\">\n\t\t\t\t<div class=\"elementor-widget-container\">\n\t\t\t\t\t<div class=\"elementor-wrapper elementor-open-inline\">\n\t\t\t<div class=\"elementor-video\"><\/div>\t\t<\/div>\n\t\t\t\t<\/div>\n\t\t\t\t<\/div>\n\t\t\t\t<div class=\"elementor-element elementor-element-f91f6d1 elementor-widget-divider--view-line elementor-widget elementor-widget-divider\" data-id=\"f91f6d1\" data-element_type=\"widget\" data-widget_type=\"divider.default\">\n\t\t\t\t<div class=\"elementor-widget-container\">\n\t\t\t\t\t<div class=\"elementor-divider\">\n\t\t\t<span class=\"elementor-divider-separator\">\n\t\t\t\t\t\t<\/span>\n\t\t<\/div>\n\t\t\t\t<\/div>\n\t\t\t\t<\/div>\n\t\t\t\t<div class=\"elementor-element elementor-element-a486d8c elementor-widget elementor-widget-video\" data-id=\"a486d8c\" data-element_type=\"widget\" data-settings=\"{&quot;youtube_url&quot;:&quot;https:\\\/\\\/www.youtube.com\\\/watch?v=iSWCRi2ZM7I&quot;,&quot;video_type&quot;:&quot;youtube&quot;,&quot;controls&quot;:&quot;yes&quot;}\" data-widget_type=\"video.default\">\n\t\t\t\t<div class=\"elementor-widget-container\">\n\t\t\t\t\t<div class=\"elementor-wrapper elementor-open-inline\">\n\t\t\t<div class=\"elementor-video\"><\/div>\t\t<\/div>\n\t\t\t\t<\/div>\n\t\t\t\t<\/div>\n\t\t\t\t<div class=\"elementor-element elementor-element-648340a elementor-widget-divider--view-line elementor-widget elementor-widget-divider\" data-id=\"648340a\" data-element_type=\"widget\" data-widget_type=\"divider.default\">\n\t\t\t\t<div class=\"elementor-widget-container\">\n\t\t\t\t\t<div class=\"elementor-divider\">\n\t\t\t<span class=\"elementor-divider-separator\">\n\t\t\t\t\t\t<\/span>\n\t\t<\/div>\n\t\t\t\t<\/div>\n\t\t\t\t<\/div>\n\t\t\t\t<div class=\"elementor-element elementor-element-30ace41 elementor-widget elementor-widget-video\" data-id=\"30ace41\" data-element_type=\"widget\" data-settings=\"{&quot;youtube_url&quot;:&quot;https:\\\/\\\/youtu.be\\\/qLN9Ow09IGU&quot;,&quot;video_type&quot;:&quot;youtube&quot;,&quot;controls&quot;:&quot;yes&quot;}\" data-widget_type=\"video.default\">\n\t\t\t\t<div class=\"elementor-widget-container\">\n\t\t\t\t\t<div class=\"elementor-wrapper elementor-open-inline\">\n\t\t\t<div class=\"elementor-video\"><\/div>\t\t<\/div>\n\t\t\t\t<\/div>\n\t\t\t\t<\/div>\n\t\t\t\t<div class=\"elementor-element elementor-element-5dfff5e elementor-widget elementor-widget-text-editor\" data-id=\"5dfff5e\" data-element_type=\"widget\" data-widget_type=\"text-editor.default\">\n\t\t\t\t<div class=\"elementor-widget-container\">\n\t\t\t\t\t\t\t<a href=\"\/download\/Webinar-VI.pdf\" target=\"_blank\" rel=\"noopener\">https:\/\/faubai.org.br\/download\/Webinar-VI.pdf<\/a>\t\t\t\t\t\t<\/div>\n\t\t\t\t<\/div>\n\t\t\t\t<div class=\"elementor-element elementor-element-698587e elementor-widget-divider--view-line elementor-widget elementor-widget-divider\" data-id=\"698587e\" data-element_type=\"widget\" data-widget_type=\"divider.default\">\n\t\t\t\t<div class=\"elementor-widget-container\">\n\t\t\t\t\t<div class=\"elementor-divider\">\n\t\t\t<span class=\"elementor-divider-separator\">\n\t\t\t\t\t\t<\/span>\n\t\t<\/div>\n\t\t\t\t<\/div>\n\t\t\t\t<\/div>\n\t\t\t\t<div class=\"elementor-element elementor-element-c541920 elementor-widget elementor-widget-video\" data-id=\"c541920\" data-element_type=\"widget\" data-settings=\"{&quot;youtube_url&quot;:&quot;https:\\\/\\\/www.youtube.com\\\/watch?v=ITKU0sZEVBk&quot;,&quot;video_type&quot;:&quot;youtube&quot;,&quot;controls&quot;:&quot;yes&quot;}\" data-widget_type=\"video.default\">\n\t\t\t\t<div class=\"elementor-widget-container\">\n\t\t\t\t\t<div class=\"elementor-wrapper elementor-open-inline\">\n\t\t\t<div class=\"elementor-video\"><\/div>\t\t<\/div>\n\t\t\t\t<\/div>\n\t\t\t\t<\/div>\n\t\t\t\t<div class=\"elementor-element elementor-element-f09bf2e elementor-widget elementor-widget-text-editor\" data-id=\"f09bf2e\" data-element_type=\"widget\" data-widget_type=\"text-editor.default\">\n\t\t\t\t<div class=\"elementor-widget-container\">\n\t\t\t\t\t\t\t<a href=\"\/download\/Webinar-V.pdf\" target=\"_blank\" rel=\"noopener\">https:\/\/faubai.org.br\/download\/Webinar-V.pdf<\/a>\t\t\t\t\t\t<\/div>\n\t\t\t\t<\/div>\n\t\t\t\t<div class=\"elementor-element elementor-element-2a4f664 elementor-widget-divider--view-line elementor-widget elementor-widget-divider\" data-id=\"2a4f664\" data-element_type=\"widget\" data-widget_type=\"divider.default\">\n\t\t\t\t<div class=\"elementor-widget-container\">\n\t\t\t\t\t<div class=\"elementor-divider\">\n\t\t\t<span class=\"elementor-divider-separator\">\n\t\t\t\t\t\t<\/span>\n\t\t<\/div>\n\t\t\t\t<\/div>\n\t\t\t\t<\/div>\n\t\t\t\t<div class=\"elementor-element elementor-element-6422a97 elementor-widget elementor-widget-video\" data-id=\"6422a97\" data-element_type=\"widget\" data-settings=\"{&quot;youtube_url&quot;:&quot;https:\\\/\\\/www.youtube.com\\\/watch?v=ITKU0sZEVBk&quot;,&quot;video_type&quot;:&quot;youtube&quot;,&quot;controls&quot;:&quot;yes&quot;}\" data-widget_type=\"video.default\">\n\t\t\t\t<div class=\"elementor-widget-container\">\n\t\t\t\t\t<div class=\"elementor-wrapper elementor-open-inline\">\n\t\t\t<div class=\"elementor-video\"><\/div>\t\t<\/div>\n\t\t\t\t<\/div>\n\t\t\t\t<\/div>\n\t\t\t\t<div class=\"elementor-element elementor-element-eda1309 elementor-widget elementor-widget-text-editor\" data-id=\"eda1309\" data-element_type=\"widget\" data-widget_type=\"text-editor.default\">\n\t\t\t\t<div class=\"elementor-widget-container\">\n\t\t\t\t\t\t\t<a href=\"\/download\/Webinar-IV.pdf\" target=\"_blank\" rel=\"noopener\">https:\/\/faubai.org.br\/download\/Webinar-IV.pdf<\/a>\t\t\t\t\t\t<\/div>\n\t\t\t\t<\/div>\n\t\t\t\t<div class=\"elementor-element elementor-element-a31e7dc elementor-widget-divider--view-line elementor-widget elementor-widget-divider\" data-id=\"a31e7dc\" data-element_type=\"widget\" data-widget_type=\"divider.default\">\n\t\t\t\t<div class=\"elementor-widget-container\">\n\t\t\t\t\t<div class=\"elementor-divider\">\n\t\t\t<span class=\"elementor-divider-separator\">\n\t\t\t\t\t\t<\/span>\n\t\t<\/div>\n\t\t\t\t<\/div>\n\t\t\t\t<\/div>\n\t\t\t\t<div class=\"elementor-element elementor-element-adf9aa2 elementor-widget elementor-widget-video\" data-id=\"adf9aa2\" data-element_type=\"widget\" data-settings=\"{&quot;youtube_url&quot;:&quot;https:\\\/\\\/www.youtube.com\\\/watch?v=nF_jS9BT6ls&quot;,&quot;video_type&quot;:&quot;youtube&quot;,&quot;controls&quot;:&quot;yes&quot;}\" data-widget_type=\"video.default\">\n\t\t\t\t<div class=\"elementor-widget-container\">\n\t\t\t\t\t<div class=\"elementor-wrapper elementor-open-inline\">\n\t\t\t<div class=\"elementor-video\"><\/div>\t\t<\/div>\n\t\t\t\t<\/div>\n\t\t\t\t<\/div>\n\t\t\t\t<div class=\"elementor-element elementor-element-709a672 elementor-widget elementor-widget-text-editor\" data-id=\"709a672\" data-element_type=\"widget\" data-widget_type=\"text-editor.default\">\n\t\t\t\t<div class=\"elementor-widget-container\">\n\t\t\t\t\t\t\t<a href=\"\/download\/Webinar-III.pdf\" target=\"_blank\" rel=\"noopener\">https:\/\/faubai.org.br\/download\/Webinar-III.pdf<\/a>\t\t\t\t\t\t<\/div>\n\t\t\t\t<\/div>\n\t\t\t\t<div class=\"elementor-element elementor-element-3105097 elementor-widget-divider--view-line elementor-widget elementor-widget-divider\" data-id=\"3105097\" data-element_type=\"widget\" data-widget_type=\"divider.default\">\n\t\t\t\t<div class=\"elementor-widget-container\">\n\t\t\t\t\t<div class=\"elementor-divider\">\n\t\t\t<span class=\"elementor-divider-separator\">\n\t\t\t\t\t\t<\/span>\n\t\t<\/div>\n\t\t\t\t<\/div>\n\t\t\t\t<\/div>\n\t\t\t\t<div class=\"elementor-element elementor-element-733e5a4 elementor-widget elementor-widget-video\" data-id=\"733e5a4\" data-element_type=\"widget\" data-settings=\"{&quot;youtube_url&quot;:&quot;https:\\\/\\\/www.youtube.com\\\/watch?v=xptlhmnm2WQ&quot;,&quot;video_type&quot;:&quot;youtube&quot;,&quot;controls&quot;:&quot;yes&quot;}\" data-widget_type=\"video.default\">\n\t\t\t\t<div class=\"elementor-widget-container\">\n\t\t\t\t\t<div class=\"elementor-wrapper elementor-open-inline\">\n\t\t\t<div class=\"elementor-video\"><\/div>\t\t<\/div>\n\t\t\t\t<\/div>\n\t\t\t\t<\/div>\n\t\t\t\t<div class=\"elementor-element elementor-element-6e8db15 elementor-widget elementor-widget-text-editor\" data-id=\"6e8db15\" data-element_type=\"widget\" data-widget_type=\"text-editor.default\">\n\t\t\t\t<div class=\"elementor-widget-container\">\n\t\t\t\t\t\t\t<a href=\"\/pt-br\/wp-content\/uploads\/2020\/05\/Webinar-II-Final.pdf\" target=\"_blank\" rel=\"noopener\">https:\/\/faubai.org.br\/pt-br\/wp-content\/uploads\/2020\/05\/Webinar-II-Final.pdf<\/a>\t\t\t\t\t\t<\/div>\n\t\t\t\t<\/div>\n\t\t\t\t<div class=\"elementor-element elementor-element-3d375b5 elementor-widget-divider--view-line elementor-widget elementor-widget-divider\" data-id=\"3d375b5\" data-element_type=\"widget\" data-widget_type=\"divider.default\">\n\t\t\t\t<div class=\"elementor-widget-container\">\n\t\t\t\t\t<div class=\"elementor-divider\">\n\t\t\t<span class=\"elementor-divider-separator\">\n\t\t\t\t\t\t<\/span>\n\t\t<\/div>\n\t\t\t\t<\/div>\n\t\t\t\t<\/div>\n\t\t\t\t<div class=\"elementor-element elementor-element-a8bd625 elementor-widget elementor-widget-video\" data-id=\"a8bd625\" data-element_type=\"widget\" data-settings=\"{&quot;youtube_url&quot;:&quot;https:\\\/\\\/www.youtube.com\\\/watch?v=sz0Fm2SizkM&quot;,&quot;video_type&quot;:&quot;youtube&quot;,&quot;controls&quot;:&quot;yes&quot;}\" data-widget_type=\"video.default\">\n\t\t\t\t<div class=\"elementor-widget-container\">\n\t\t\t\t\t<div class=\"elementor-wrapper elementor-open-inline\">\n\t\t\t<div class=\"elementor-video\"><\/div>\t\t<\/div>\n\t\t\t\t<\/div>\n\t\t\t\t<\/div>\n\t\t\t\t<div class=\"elementor-element elementor-element-d46b1a2 elementor-widget elementor-widget-text-editor\" data-id=\"d46b1a2\" data-element_type=\"widget\" data-widget_type=\"text-editor.default\">\n\t\t\t\t<div class=\"elementor-widget-container\">\n\t\t\t\t\t\t\t<a href=\"\/download\/Webinario-I-FAUBAI-BRaVE.pdf\" target=\"_blank\" rel=\"noopener\">https:\/\/faubai.org.br\/download\/Webinario-I-FAUBAI-BRaVE.pdf<\/a>\t\t\t\t\t\t<\/div>\n\t\t\t\t<\/div>\n\t\t\t\t\t<\/div>\r\n\t\t\t\t<\/div>\r\n\t\t\t\t\t<\/div>\r\n\t\t\t\t<\/section>\r\n\t\t\t\t<\/div>","protected":false},"excerpt":{"rendered":"<p>QUARTAS VIRTUAIS \u2013 WEBIN\u00c1RIOS FAUBAI No contexto atual de impactos da COVID-19 ao redor do mundo, a FAUBAI criou o espa\u00e7o\u00a0Quartas Virtuais \u2013 Webin\u00e1rios FAUBAI. \u00a0 A proposta dos webin\u00e1rios [&hellip;]<\/p>","protected":false},"author":1,"featured_media":0,"parent":3794,"menu_order":0,"comment_status":"closed","ping_status":"closed","template":"","meta":{"_bbp_topic_count":0,"_bbp_reply_count":0,"_bbp_total_topic_count":0,"_bbp_total_reply_count":0,"_bbp_voice_count":0,"_bbp_anonymous_reply_count":0,"_bbp_topic_count_hidden":0,"_bbp_reply_count_hidden":0,"_bbp_forum_subforum_count":0,"_monsterinsights_skip_tracking":false,"_monsterinsights_sitenote_active":false,"_monsterinsights_sitenote_note":"","_monsterinsights_sitenote_category":0,"footnotes":""},"class_list":["post-4045","page","type-page","status-publish","hentry"],"_links":{"self":[{"href":"https:\/\/faubai.org.br\/en\/wp-json\/wp\/v2\/pages\/4045","targetHints":{"allow":["GET"]}}],"collection":[{"href":"https:\/\/faubai.org.br\/en\/wp-json\/wp\/v2\/pages"}],"about":[{"href":"https:\/\/faubai.org.br\/en\/wp-json\/wp\/v2\/types\/page"}],"author":[{"embeddable":true,"href":"https:\/\/faubai.org.br\/en\/wp-json\/wp\/v2\/users\/1"}],"replies":[{"embeddable":true,"href":"https:\/\/faubai.org.br\/en\/wp-json\/wp\/v2\/comments?post=4045"}],"version-history":[{"count":29,"href":"https:\/\/faubai.org.br\/en\/wp-json\/wp\/v2\/pages\/4045\/revisions"}],"predecessor-version":[{"id":5412,"href":"https:\/\/faubai.org.br\/en\/wp-json\/wp\/v2\/pages\/4045\/revisions\/5412"}],"up":[{"embeddable":true,"href":"https:\/\/faubai.org.br\/en\/wp-json\/wp\/v2\/pages\/3794"}],"wp:attachment":[{"href":"https:\/\/faubai.org.br\/en\/wp-json\/wp\/v2\/media?parent=4045"}],"curies":[{"name":"wp","href":"https:\/\/api.w.org\/{rel}","templated":true}]}}