{"id":149,"date":"2024-05-08T12:02:20","date_gmt":"2024-05-08T15:02:20","guid":{"rendered":"https:\/\/faubai.org.br\/conf\/2025A\/?page_id=149"},"modified":"2024-05-08T15:21:37","modified_gmt":"2024-05-08T18:21:37","slug":"convention-centre","status":"publish","type":"page","link":"https:\/\/faubai.org.br\/conf\/2025A\/convention-centre\/","title":{"rendered":"Convention Centre"},"content":{"rendered":"\t\t<div data-elementor-type=\"wp-page\" data-elementor-id=\"149\" class=\"elementor elementor-149\" data-elementor-post-type=\"page\">\n\t\t\t\t<div class=\"elementor-element elementor-element-0f5e4da e-flex e-con-boxed e-con e-parent\" data-id=\"0f5e4da\" data-element_type=\"container\">\n\t\t\t\t\t<div class=\"e-con-inner\">\n\t\t\t\t<div class=\"elementor-element elementor-element-9412e0c elementor-widget__width-initial elementor-widget elementor-widget-heading\" data-id=\"9412e0c\" data-element_type=\"widget\" data-widget_type=\"heading.default\">\n\t\t\t\t<div class=\"elementor-widget-container\">\n\t\t\t<style>\/*! elementor - v3.21.0 - 08-05-2024 *\/\n.elementor-heading-title{padding:0;margin:0;line-height:1}.elementor-widget-heading .elementor-heading-title[class*=elementor-size-]>a{color:inherit;font-size:inherit;line-height:inherit}.elementor-widget-heading .elementor-heading-title.elementor-size-small{font-size:15px}.elementor-widget-heading .elementor-heading-title.elementor-size-medium{font-size:19px}.elementor-widget-heading .elementor-heading-title.elementor-size-large{font-size:29px}.elementor-widget-heading .elementor-heading-title.elementor-size-xl{font-size:39px}.elementor-widget-heading .elementor-heading-title.elementor-size-xxl{font-size:59px}<\/style><h2 class=\"elementor-heading-title elementor-size-default\">Centro Internacional de Conven\u00e7\u00f5es do Brasil - CICB:<\/h2>\t\t<\/div>\n\t\t\t\t<\/div>\n\t\t\t\t<div class=\"elementor-element elementor-element-54db07a elementor-widget__width-initial elementor-widget elementor-widget-heading\" data-id=\"54db07a\" data-element_type=\"widget\" data-widget_type=\"heading.default\">\n\t\t\t\t<div class=\"elementor-widget-container\">\n\t\t\t<h2 class=\"elementor-heading-title elementor-size-default\">Address: St. de Clubes Esportivos Sul Trecho 2 Conjunto 63, Lote 50 - Asa Sul, Bras\u00edlia - DF, 70200-002<\/h2>\t\t<\/div>\n\t\t\t\t<\/div>\n\t\t\t\t<div class=\"elementor-element elementor-element-5e5cd38 elementor-widget elementor-widget-google_maps\" data-id=\"5e5cd38\" data-element_type=\"widget\" data-widget_type=\"google_maps.default\">\n\t\t\t\t<div class=\"elementor-widget-container\">\n\t\t\t<style>\/*! elementor - v3.21.0 - 08-05-2024 *\/\n.elementor-widget-google_maps .elementor-widget-container{overflow:hidden}.elementor-widget-google_maps .elementor-custom-embed{line-height:0}.elementor-widget-google_maps iframe{height:300px}<\/style>\t\t<div class=\"elementor-custom-embed\">\n\t\t\t<iframe loading=\"lazy\"\n\t\t\t\t\tsrc=\"https:\/\/maps.google.com\/maps?q=St.%20de%20Clubes%20Esportivos%20Sul%20Trecho%202%20Conjunto%2063%2C%20Lote%2050%20-%20Asa%20Sul%2C%20Bras%C3%ADlia%20-%20DF%2C%2070200-002&#038;t=m&#038;z=13&#038;output=embed&#038;iwloc=near\"\n\t\t\t\t\ttitle=\"St. de Clubes Esportivos Sul Trecho 2 Conjunto 63, Lote 50 - Asa Sul, Bras\u00edlia - DF, 70200-002\"\n\t\t\t\t\taria-label=\"St. de Clubes Esportivos Sul Trecho 2 Conjunto 63, Lote 50 - Asa Sul, Bras\u00edlia - DF, 70200-002\"\n\t\t\t><\/iframe>\n\t\t<\/div>\n\t\t\t\t<\/div>\n\t\t\t\t<\/div>\n\t\t\t\t\t<\/div>\n\t\t\t\t<\/div>\n\t\t\t\t<\/div>\n\t\t","protected":false},"excerpt":{"rendered":"<p>Centro Internacional de Conven\u00e7\u00f5es do Brasil &#8211; CICB: Address: St. de Clubes Esportivos Sul Trecho 2 Conjunto 63, Lote 50 &#8211; Asa Sul, Bras\u00edlia &#8211; DF, 70200-002<\/p>\n","protected":false},"author":1,"featured_media":0,"parent":0,"menu_order":0,"comment_status":"closed","ping_status":"closed","template":"elementor_header_footer","meta":{"footnotes":""},"_links":{"self":[{"href":"https:\/\/faubai.org.br\/conf\/2025A\/wp-json\/wp\/v2\/pages\/149"}],"collection":[{"href":"https:\/\/faubai.org.br\/conf\/2025A\/wp-json\/wp\/v2\/pages"}],"about":[{"href":"https:\/\/faubai.org.br\/conf\/2025A\/wp-json\/wp\/v2\/types\/page"}],"author":[{"embeddable":true,"href":"https:\/\/faubai.org.br\/conf\/2025A\/wp-json\/wp\/v2\/users\/1"}],"replies":[{"embeddable":true,"href":"https:\/\/faubai.org.br\/conf\/2025A\/wp-json\/wp\/v2\/comments?post=149"}],"version-history":[{"count":10,"href":"https:\/\/faubai.org.br\/conf\/2025A\/wp-json\/wp\/v2\/pages\/149\/revisions"}],"predecessor-version":[{"id":175,"href":"https:\/\/faubai.org.br\/conf\/2025A\/wp-json\/wp\/v2\/pages\/149\/revisions\/175"}],"wp:attachment":[{"href":"https:\/\/faubai.org.br\/conf\/2025A\/wp-json\/wp\/v2\/media?parent=149"}],"curies":[{"name":"wp","href":"https:\/\/api.w.org\/{rel}","templated":true}]}}