{"id":149,"date":"2024-05-08T12:02:20","date_gmt":"2024-05-08T15:02:20","guid":{"rendered":"https:\/\/faubai.org.br\/conf\/2025\/?page_id=149"},"modified":"2025-04-15T14:43:51","modified_gmt":"2025-04-15T17:43:51","slug":"convention-centre","status":"publish","type":"page","link":"https:\/\/faubai.org.br\/conf\/2025\/convention-centre\/","title":{"rendered":"Convention Centre"},"content":{"rendered":"\t\t<div data-elementor-type=\"wp-page\" data-elementor-id=\"149\" class=\"elementor elementor-149\" data-elementor-post-type=\"page\">\n\t\t\t\t<div class=\"elementor-element elementor-element-0f5e4da e-flex e-con-boxed e-con e-parent\" data-id=\"0f5e4da\" data-element_type=\"container\">\n\t\t\t\t\t<div class=\"e-con-inner\">\n\t\t\t\t<div class=\"elementor-element elementor-element-9412e0c elementor-widget__width-initial elementor-widget elementor-widget-heading\" data-id=\"9412e0c\" data-element_type=\"widget\" data-widget_type=\"heading.default\">\n\t\t\t\t<div class=\"elementor-widget-container\">\n\t\t\t<style>\/*! elementor - v3.21.0 - 08-05-2024 *\/\n.elementor-heading-title{padding:0;margin:0;line-height:1}.elementor-widget-heading .elementor-heading-title[class*=elementor-size-]>a{color:inherit;font-size:inherit;line-height:inherit}.elementor-widget-heading .elementor-heading-title.elementor-size-small{font-size:15px}.elementor-widget-heading .elementor-heading-title.elementor-size-medium{font-size:19px}.elementor-widget-heading .elementor-heading-title.elementor-size-large{font-size:29px}.elementor-widget-heading .elementor-heading-title.elementor-size-xl{font-size:39px}.elementor-widget-heading .elementor-heading-title.elementor-size-xxl{font-size:59px}<\/style><h2 class=\"elementor-heading-title elementor-size-default\"><b>26 April<\/b> | Pre-Conference Workshops at FINATEC-UnB<\/h2>\t\t<\/div>\n\t\t\t\t<\/div>\n\t\t\t\t<div class=\"elementor-element elementor-element-f47e53f elementor-widget__width-initial elementor-widget elementor-widget-heading\" data-id=\"f47e53f\" data-element_type=\"widget\" data-widget_type=\"heading.default\">\n\t\t\t\t<div class=\"elementor-widget-container\">\n\t\t\t<h2 class=\"elementor-heading-title elementor-size-default\">Address: <br><b>Finatec - Funda\u00e7\u00e3o de Empreendimentos Cient\u00edficos e Tecnol\u00f3gicos<\/b><br>Av. L3 Norte, Ed - Asa Norte, Bras\u00edlia - DF, 70910-900<\/h2>\t\t<\/div>\n\t\t\t\t<\/div>\n\t\t\t\t<div class=\"elementor-element elementor-element-338da1f elementor-widget__width-initial elementor-widget elementor-widget-html\" data-id=\"338da1f\" data-element_type=\"widget\" data-widget_type=\"html.default\">\n\t\t\t\t<div class=\"elementor-widget-container\">\n\t\t\t<iframe src=\"https:\/\/www.google.com\/maps\/embed?pb=!1m14!1m8!1m3!1d15358.332353146558!2d-47.8874516!3d-15.7731793!3m2!1i1024!2i768!4f13.1!3m3!1m2!1s0x935a3ba64014b20d%3A0xf2f6c8110533101d!2sFinatec%20-%20Funda%C3%A7%C3%A3o%20de%20Empreendimentos%20Cient%C3%ADficos%20e%20Tecnol%C3%B3gicos!5e0!3m2!1spt-BR!2sbr!4v1743506561574!5m2!1spt-BR!2sbr\" width=\"600\" height=\"450\" style=\"border:0;\" allowfullscreen=\"\" loading=\"lazy\" referrerpolicy=\"no-referrer-when-downgrade\"><\/iframe>\t\t<\/div>\n\t\t\t\t<\/div>\n\t\t\t\t<div class=\"elementor-element elementor-element-54517d3 elementor-widget__width-initial elementor-widget elementor-widget-heading\" data-id=\"54517d3\" data-element_type=\"widget\" data-widget_type=\"heading.default\">\n\t\t\t\t<div class=\"elementor-widget-container\">\n\t\t\t<h2 class=\"elementor-heading-title elementor-size-default\"><b>27, April - 30, April<\/b> | Centro Internacional de Conven\u00e7\u00f5es do Brasil - CICB<\/h2>\t\t<\/div>\n\t\t\t\t<\/div>\n\t\t\t\t<div class=\"elementor-element elementor-element-54db07a elementor-widget__width-initial elementor-widget elementor-widget-heading\" data-id=\"54db07a\" data-element_type=\"widget\" data-widget_type=\"heading.default\">\n\t\t\t\t<div class=\"elementor-widget-container\">\n\t\t\t<h2 class=\"elementor-heading-title elementor-size-default\">Address: <br><b>Centro Internacional de Conven\u00e7\u00f5es do Brasil<br><\/b>St. de Clubes Esportivos Sul Trecho 2 Conjunto 63, Lote 50 - Asa Sul, Bras\u00edlia - DF, 70200-002<\/h2>\t\t<\/div>\n\t\t\t\t<\/div>\n\t\t\t\t<div class=\"elementor-element elementor-element-b66a828 elementor-widget elementor-widget-google_maps\" data-id=\"b66a828\" data-element_type=\"widget\" data-widget_type=\"google_maps.default\">\n\t\t\t\t<div class=\"elementor-widget-container\">\n\t\t\t<style>\/*! elementor - v3.21.0 - 08-05-2024 *\/\n.elementor-widget-google_maps .elementor-widget-container{overflow:hidden}.elementor-widget-google_maps .elementor-custom-embed{line-height:0}.elementor-widget-google_maps iframe{height:300px}<\/style>\t\t<div class=\"elementor-custom-embed\">\n\t\t\t<iframe loading=\"lazy\"\n\t\t\t\t\tsrc=\"https:\/\/maps.google.com\/maps?q=St.%20de%20Clubes%20Esportivos%20Sul%20Trecho%202%20Conjunto%2063%2C%20Lote%2050%20-%20Asa%20Sul%2C%20Bras%C3%ADlia%20-%20DF%2C%2070200-002&#038;t=m&#038;z=13&#038;output=embed&#038;iwloc=near\"\n\t\t\t\t\ttitle=\"St. de Clubes Esportivos Sul Trecho 2 Conjunto 63, Lote 50 - Asa Sul, Bras\u00edlia - DF, 70200-002\"\n\t\t\t\t\taria-label=\"St. de Clubes Esportivos Sul Trecho 2 Conjunto 63, Lote 50 - Asa Sul, Bras\u00edlia - DF, 70200-002\"\n\t\t\t><\/iframe>\n\t\t<\/div>\n\t\t\t\t<\/div>\n\t\t\t\t<\/div>\n\t\t\t\t<div class=\"elementor-element elementor-element-914b70a elementor-widget__width-initial elementor-widget elementor-widget-heading\" data-id=\"914b70a\" data-element_type=\"widget\" data-widget_type=\"heading.default\">\n\t\t\t\t<div class=\"elementor-widget-container\">\n\t\t\t<h2 class=\"elementor-heading-title elementor-size-default\"><b>29th April 20:00-23:00 <\/b> | Dinner Party | Porto Vitt\u00f3ria | Badge Required\n<\/h2>\t\t<\/div>\n\t\t\t\t<\/div>\n\t\t\t\t<div class=\"elementor-element elementor-element-ce0158b elementor-widget__width-initial elementor-widget elementor-widget-heading\" data-id=\"ce0158b\" data-element_type=\"widget\" data-widget_type=\"heading.default\">\n\t\t\t\t<div class=\"elementor-widget-container\">\n\t\t\t<h2 class=\"elementor-heading-title elementor-size-default\">Address: <br><b>Porto Vitt\u00f3ria\n<\/b>Setor de Clubes Esportivos Sul Trecho 2 Conjunto 19 - Asa Sul, Bras\u00edlia - DF, 70200-002<\/h2>\t\t<\/div>\n\t\t\t\t<\/div>\n\t\t\t\t<div class=\"elementor-element elementor-element-56a41e7 elementor-widget elementor-widget-google_maps\" data-id=\"56a41e7\" data-element_type=\"widget\" data-widget_type=\"google_maps.default\">\n\t\t\t\t<div class=\"elementor-widget-container\">\n\t\t\t\t\t<div class=\"elementor-custom-embed\">\n\t\t\t<iframe loading=\"lazy\"\n\t\t\t\t\tsrc=\"https:\/\/maps.google.com\/maps?q=Setor%20de%20Clubes%20Esportivos%20Sul%20Trecho%202%20Conjunto%2019%20-%20Asa%20Sul%2C%20Bras%C3%ADlia%20-%20DF%2C%2070200-002%E2%80%8B&#038;t=m&#038;z=17&#038;output=embed&#038;iwloc=near\"\n\t\t\t\t\ttitle=\"Setor de Clubes Esportivos Sul Trecho 2 Conjunto 19 - Asa Sul, Bras\u00edlia - DF, 70200-002\u200b\"\n\t\t\t\t\taria-label=\"Setor de Clubes Esportivos Sul Trecho 2 Conjunto 19 - Asa Sul, Bras\u00edlia - DF, 70200-002\u200b\"\n\t\t\t><\/iframe>\n\t\t<\/div>\n\t\t\t\t<\/div>\n\t\t\t\t<\/div>\n\t\t\t\t\t<\/div>\n\t\t\t\t<\/div>\n\t\t\t\t<\/div>\n\t\t","protected":false},"excerpt":{"rendered":"<p>26 April | Pre-Conference Workshops at FINATEC-UnB Address: Finatec &#8211; Funda\u00e7\u00e3o de Empreendimentos Cient\u00edficos e Tecnol\u00f3gicosAv. L3 Norte, Ed &#8211; Asa Norte, Bras\u00edlia &#8211; DF, 70910-900 27, April &#8211; 30, April | Centro Internacional de Conven\u00e7\u00f5es do Brasil &#8211; CICB Address: Centro Internacional de Conven\u00e7\u00f5es do BrasilSt. de Clubes Esportivos Sul Trecho 2 Conjunto 63, [&hellip;]<\/p>\n","protected":false},"author":1,"featured_media":0,"parent":0,"menu_order":0,"comment_status":"closed","ping_status":"closed","template":"elementor_header_footer","meta":{"_monsterinsights_skip_tracking":false,"_monsterinsights_sitenote_active":false,"_monsterinsights_sitenote_note":"","_monsterinsights_sitenote_category":0,"footnotes":""},"_links":{"self":[{"href":"https:\/\/faubai.org.br\/conf\/2025\/wp-json\/wp\/v2\/pages\/149"}],"collection":[{"href":"https:\/\/faubai.org.br\/conf\/2025\/wp-json\/wp\/v2\/pages"}],"about":[{"href":"https:\/\/faubai.org.br\/conf\/2025\/wp-json\/wp\/v2\/types\/page"}],"author":[{"embeddable":true,"href":"https:\/\/faubai.org.br\/conf\/2025\/wp-json\/wp\/v2\/users\/1"}],"replies":[{"embeddable":true,"href":"https:\/\/faubai.org.br\/conf\/2025\/wp-json\/wp\/v2\/comments?post=149"}],"version-history":[{"count":49,"href":"https:\/\/faubai.org.br\/conf\/2025\/wp-json\/wp\/v2\/pages\/149\/revisions"}],"predecessor-version":[{"id":703,"href":"https:\/\/faubai.org.br\/conf\/2025\/wp-json\/wp\/v2\/pages\/149\/revisions\/703"}],"wp:attachment":[{"href":"https:\/\/faubai.org.br\/conf\/2025\/wp-json\/wp\/v2\/media?parent=149"}],"curies":[{"name":"wp","href":"https:\/\/api.w.org\/{rel}","templated":true}]}}