{"id":31,"date":"2018-10-28T19:05:19","date_gmt":"2018-10-28T22:05:19","guid":{"rendered":"http:\/\/www.faubai.org.br\/conf\/2019\/?page_id=31"},"modified":"2018-10-28T19:07:57","modified_gmt":"2018-10-28T22:07:57","slug":"about","status":"publish","type":"page","link":"https:\/\/faubai.org.br\/conf\/2019\/about\/","title":{"rendered":"About FAUBAI 2019"},"content":{"rendered":"<p><strong>Conference Venue<\/strong><\/p>\n<ul>\n<li><strong>Hangar Conven\u00e7\u00f5es &amp; Feiras da Amaz\u00f4nia<\/strong><\/li>\n<li>Address:\u00a0Av. Doutor Freitas, s\/n &#8211; Marco, Bel\u00e9m &#8211; PA, CEP: 66613-902<\/li>\n<\/ul>\n<p>&nbsp;<\/p>\n<p><iframe loading=\"lazy\" style=\"border: 0;\" src=\"https:\/\/www.google.com\/maps\/embed?pb=!1m14!1m8!1m3!1d15954.360279951174!2d-48.4567773!3d-1.4217252!3m2!1i1024!2i768!4f13.1!3m3!1m2!1s0x0%3A0x3d9b576adf20e9e2!2sHangar+Conven%C3%A7%C3%B5es+%26+Feiras+da+Amaz%C3%B4nia!5e0!3m2!1spt-BR!2sbr!4v1540764283575\" width=\"600\" height=\"450\" frameborder=\"0\" allowfullscreen=\"allowfullscreen\"><\/iframe><\/p>\n","protected":false},"excerpt":{"rendered":"<p>Conference Venue Hangar Conven\u00e7\u00f5es &amp; Feiras da Amaz\u00f4nia Address:\u00a0Av. Doutor Freitas, s\/n &#8211; Marco, Bel\u00e9m &#8211; PA, CEP: 66613-902 &nbsp;<\/p>\n","protected":false},"author":1,"featured_media":0,"parent":0,"menu_order":0,"comment_status":"closed","ping_status":"closed","template":"","meta":{"footnotes":""},"_links":{"self":[{"href":"https:\/\/faubai.org.br\/conf\/2019\/wp-json\/wp\/v2\/pages\/31"}],"collection":[{"href":"https:\/\/faubai.org.br\/conf\/2019\/wp-json\/wp\/v2\/pages"}],"about":[{"href":"https:\/\/faubai.org.br\/conf\/2019\/wp-json\/wp\/v2\/types\/page"}],"author":[{"embeddable":true,"href":"https:\/\/faubai.org.br\/conf\/2019\/wp-json\/wp\/v2\/users\/1"}],"replies":[{"embeddable":true,"href":"https:\/\/faubai.org.br\/conf\/2019\/wp-json\/wp\/v2\/comments?post=31"}],"version-history":[{"count":2,"href":"https:\/\/faubai.org.br\/conf\/2019\/wp-json\/wp\/v2\/pages\/31\/revisions"}],"predecessor-version":[{"id":34,"href":"https:\/\/faubai.org.br\/conf\/2019\/wp-json\/wp\/v2\/pages\/31\/revisions\/34"}],"wp:attachment":[{"href":"https:\/\/faubai.org.br\/conf\/2019\/wp-json\/wp\/v2\/media?parent=31"}],"curies":[{"name":"wp","href":"https:\/\/api.w.org\/{rel}","templated":true}]}}