{"id":122,"date":"2019-02-11T21:20:59","date_gmt":"2019-02-11T23:20:59","guid":{"rendered":"http:\/\/www.faubai.org.br\/conf\/2019\/?page_id=122"},"modified":"2019-04-09T15:55:29","modified_gmt":"2019-04-09T18:55:29","slug":"hotels","status":"publish","type":"page","link":"https:\/\/faubai.org.br\/conf\/2019\/hotels\/","title":{"rendered":"Hotels"},"content":{"rendered":"<p><span style=\"font-size: medium;\"><span lang=\"en-US\">The <\/span><\/span><span style=\"font-size: medium;\"><span lang=\"en-US\"><b>Valeverde Turismo <\/b><\/span><\/span><span style=\"font-size: medium;\"><span lang=\"en-US\">is FAUBAI\u2019s official agency for hotels, transfer and tourism.<\/span><\/span><\/p>\n<p align=\"center\"><span style=\"font-size: medium;\"><span lang=\"en-US\">Check out <a href=\"http:\/\/www.faubai.org.br\/conf\/2019\/wp-content\/uploads\/2019\/03\/PRACTICAL-GUIDE-FAUBAI-VERS\u00c3O-FINAL-1.pdf\" target=\"_blank\" rel=\"noopener\">FAUBAI\u2019s Practical Guide<\/a> for further information<\/span><\/span><span style=\"font-size: medium;\"><span lang=\"en-US\">.<\/span><\/span><\/p>\n<h4>HOTELS<\/h4>\n<table border=\"1\" width=\"706\" cellspacing=\"0\" cellpadding=\"7\">\n<colgroup>\n<col width=\"108\" \/>\n<col width=\"93\" \/>\n<col width=\"114\" \/> <\/colgroup>\n<colgroup>\n<col width=\"72\" \/> <\/colgroup>\n<colgroup>\n<col width=\"98\" \/> <\/colgroup>\n<colgroup>\n<col width=\"56\" \/> <\/colgroup>\n<colgroup>\n<col width=\"66\" \/> <\/colgroup>\n<tbody>\n<tr>\n<td valign=\"top\" width=\"108\" height=\"7\"><\/td>\n<td valign=\"top\" width=\"93\"><\/td>\n<td valign=\"top\" width=\"114\"><\/td>\n<td colspan=\"2\" width=\"184\">\n<h6 align=\"center\">Price Per Night<\/h6>\n<\/td>\n<td colspan=\"2\" width=\"136\">\n<h6 align=\"center\">Additional Charges<\/h6>\n<\/td>\n<\/tr>\n<tr>\n<td width=\"108\" height=\"7\">\n<h6 align=\"center\">Hotels<\/h6>\n<\/td>\n<td width=\"93\">\n<h6 align=\"center\">Types<\/h6>\n<\/td>\n<td width=\"114\">\n<h6 align=\"center\">Distance to Hangar Convention Center<\/h6>\n<\/td>\n<td width=\"72\">\n<h6 align=\"center\">Single<\/h6>\n<\/td>\n<td width=\"98\">\n<h6 align=\"center\">Double<\/h6>\n<\/td>\n<td width=\"56\">\n<h6 align=\"center\">ISS<\/h6>\n<\/td>\n<td width=\"66\">\n<h6 align=\"center\">TAX<\/h6>\n<\/td>\n<\/tr>\n<tr>\n<td width=\"108\"><span style=\"color: #000000;\"><span style=\"font-family: Arial, serif;\"><span style=\"font-size: medium;\"><span style=\"font-family: Calibri, serif;\"><span style=\"font-size: small;\"><span style=\"text-decoration: line-through;\">Radisson- Business<\/span><br \/>\n<span style=\"color: red;\">(unavailable)<\/span><br \/>\n<\/span><\/span><\/span><\/span><\/span><\/td>\n<td width=\"93\">\n<p align=\"center\"><span style=\"color: #000000;\"><span style=\"font-family: Arial, serif;\"><span style=\"font-size: medium;\"><span style=\"font-family: Calibri, serif;\"><span style=\"font-size: small;\">Very Comfortable<\/span><\/span><\/span><\/span><\/span><\/p>\n<\/td>\n<td width=\"114\">\n<p align=\"center\"><span style=\"color: #000000;\"><span style=\"font-family: Arial, serif;\"><span style=\"font-size: medium;\"><span style=\"font-family: Calibri, serif;\"><span style=\"font-size: small;\">7,2 km | 4,5 mi<\/span><\/span><\/span><\/span><\/span><\/p>\n<\/td>\n<td width=\"72\">\n<p align=\"center\"><span style=\"color: #000000;\"><span style=\"font-family: Arial, serif;\"><span style=\"font-size: medium;\"><span style=\"font-family: Calibri, serif;\"><span style=\"font-size: small;\">R$ 425,00<\/span><\/span><\/span><\/span><\/span><\/p>\n<\/td>\n<td width=\"98\">\n<p align=\"center\"><span style=\"color: #000000;\"><span style=\"font-family: Arial, serif;\"><span style=\"font-size: medium;\"><span style=\"font-family: Calibri, serif;\"><span style=\"font-size: small;\">R$475,00<\/span><\/span><\/span><\/span><\/span><\/p>\n<\/td>\n<td width=\"56\">\n<p align=\"center\"><span style=\"color: #000000;\"><span style=\"font-family: Arial, serif;\"><span style=\"font-size: medium;\"><span style=\"font-family: Calibri, serif;\"><span style=\"font-size: small;\">5%<\/span><\/span><\/span><\/span><\/span><\/p>\n<\/td>\n<td width=\"66\">\n<p align=\"center\"><span style=\"color: #000000;\"><span style=\"font-family: Arial, serif;\"><span style=\"font-size: medium;\"><span style=\"font-family: Calibri, serif;\"><span style=\"font-size: small;\">10%<\/span><\/span><\/span><\/span><\/span><\/p>\n<\/td>\n<\/tr>\n<tr>\n<td width=\"108\"><span style=\"color: #000000;\"><span style=\"font-family: Arial, serif;\"><span style=\"font-size: medium;\"><span style=\"font-family: Calibri, serif;\"><span style=\"font-size: small;\"><span style=\"text-decoration: line-through;\">Radisson- Executive<\/span><br \/>\n<span style=\"color: red;\">(unavailable)<\/span><br \/>\n<\/span><\/span><\/span><\/span><\/span><\/td>\n<td width=\"93\">\n<p align=\"center\"><span style=\"color: #000000;\"><span style=\"font-family: Arial, serif;\"><span style=\"font-size: medium;\"><span style=\"font-family: Calibri, serif;\"><span style=\"font-size: small;\">Very Comfortable<\/span><\/span><\/span><\/span><\/span><\/p>\n<\/td>\n<td width=\"114\">\n<p align=\"center\"><span style=\"color: #000000;\"><span style=\"font-family: Arial, serif;\"><span style=\"font-size: medium;\"><span style=\"font-family: Calibri, serif;\"><span style=\"font-size: small;\">7,2 km | 4,5 mi<\/span><\/span><\/span><\/span><\/span><\/p>\n<\/td>\n<td width=\"72\">\n<p align=\"center\"><span style=\"color: #000000;\"><span style=\"font-family: Arial, serif;\"><span style=\"font-size: medium;\"><span style=\"font-family: Calibri, serif;\"><span style=\"font-size: small;\">R$ 405,00<\/span><\/span><\/span><\/span><\/span><\/p>\n<\/td>\n<td width=\"98\">\n<p align=\"center\"><span style=\"color: #000000;\"><span style=\"font-family: Arial, serif;\"><span style=\"font-size: medium;\"><span style=\"font-family: Calibri, serif;\"><span style=\"font-size: small;\">R$455,00<\/span><\/span><\/span><\/span><\/span><\/p>\n<\/td>\n<td width=\"56\">\n<p align=\"center\"><span style=\"color: #000000;\"><span style=\"font-family: Arial, serif;\"><span style=\"font-size: medium;\"><span style=\"font-family: Calibri, serif;\"><span style=\"font-size: small;\">5%<\/span><\/span><\/span><\/span><\/span><\/p>\n<\/td>\n<td width=\"66\">\n<p align=\"center\"><span style=\"color: #000000;\"><span style=\"font-family: Arial, serif;\"><span style=\"font-size: medium;\"><span style=\"font-family: Calibri, serif;\"><span style=\"font-size: small;\">10%<\/span><\/span><\/span><\/span><\/span><\/p>\n<\/td>\n<\/tr>\n<tr>\n<td width=\"108\"><span style=\"color: #000000;\"><span style=\"font-family: Arial, serif;\"><span style=\"font-size: medium;\"><span style=\"font-family: Calibri, serif;\"><span style=\"font-size: small;\"><span style=\"text-decoration: line-through;\">Radisson &#8211; Superior<\/span><br \/>\n<span style=\"color: red;\">(unavailable)<\/span><br \/>\n<\/span><\/span><\/span><\/span><\/span><\/td>\n<td width=\"93\">\n<p align=\"center\"><span style=\"color: #000000;\"><span style=\"font-family: Arial, serif;\"><span style=\"font-size: medium;\"><span style=\"font-family: Calibri, serif;\"><span style=\"font-size: small;\">Very Comfortable<\/span><\/span><\/span><\/span><\/span><\/p>\n<\/td>\n<td width=\"114\">\n<p align=\"center\"><span style=\"color: #000000;\"><span style=\"font-family: Arial, serif;\"><span style=\"font-size: medium;\"><span style=\"font-family: Calibri, serif;\"><span style=\"font-size: small;\">7,2 km | 4,5 mi<\/span><\/span><\/span><\/span><\/span><\/p>\n<\/td>\n<td width=\"72\">\n<p align=\"center\"><span style=\"color: #000000;\"><span style=\"font-family: Arial, serif;\"><span style=\"font-size: medium;\"><span style=\"font-family: Calibri, serif;\"><span style=\"font-size: small;\">R$ 360,00<\/span><\/span><\/span><\/span><\/span><\/p>\n<\/td>\n<td width=\"98\">\n<p align=\"center\"><span style=\"color: #000000;\"><span style=\"font-family: Arial, serif;\"><span style=\"font-size: medium;\"><span style=\"font-family: Calibri, serif;\"><span style=\"font-size: small;\">R$410,00<\/span><\/span><\/span><\/span><\/span><\/p>\n<\/td>\n<td width=\"56\">\n<p align=\"center\"><span style=\"color: #000000;\"><span style=\"font-family: Arial, serif;\"><span style=\"font-size: medium;\"><span style=\"font-family: Calibri, serif;\"><span style=\"font-size: small;\">5%<\/span><\/span><\/span><\/span><\/span><\/p>\n<\/td>\n<td width=\"66\">\n<p align=\"center\"><span style=\"color: #000000;\"><span style=\"font-family: Arial, serif;\"><span style=\"font-size: medium;\"><span style=\"font-family: Calibri, serif;\"><span style=\"font-size: small;\">10%<\/span><\/span><\/span><\/span><\/span><\/p>\n<\/td>\n<\/tr>\n<tr>\n<td width=\"108\" height=\"4\"><span style=\"color: #000000;\"><span style=\"color: #000000;\"><span style=\"font-family: Arial, serif;\"><span style=\"font-size: medium;\"><span style=\"font-family: Calibri, serif;\"><span style=\"font-size: small;\">Grand Mercure Bel\u00e9m<br \/>\n<\/span><\/span><\/span><\/span><\/span><\/span><span style=\"color: #000000;\"><span style=\"font-family: Arial, serif;\"><span style=\"font-size: medium;\"><span style=\"font-family: Calibri, serif;\"><span style=\"font-size: small;\"><span style=\"color: red;\">(On-Request)<\/span><\/span><\/span><\/span><\/span><\/span><\/td>\n<td width=\"93\">\n<p align=\"center\"><span style=\"color: #000000;\"><span style=\"font-family: Arial, serif;\"><span style=\"font-size: medium;\"><span style=\"font-family: Calibri, serif;\"><span style=\"font-size: small;\">Very Comfortable<\/span><\/span><\/span><\/span><\/span><\/p>\n<\/td>\n<td width=\"114\">\n<p align=\"center\"><span style=\"color: #000000;\"><span style=\"font-family: Arial, serif;\"><span style=\"font-size: medium;\"><span style=\"font-family: Calibri, serif;\"><span style=\"font-size: small;\">6,7 km | 4,2 mi<\/span><\/span><\/span><\/span><\/span><\/p>\n<\/td>\n<td width=\"72\">\n<p align=\"center\"><span style=\"color: #000000;\"><span style=\"font-family: Arial, serif;\"><span style=\"font-size: medium;\"><span style=\"font-family: Calibri, serif;\"><span style=\"font-size: small;\">R$ 340,00<\/span><\/span><\/span><\/span><\/span><\/p>\n<\/td>\n<td width=\"98\">\n<p align=\"center\"><span style=\"color: #000000;\"><span style=\"font-family: Arial, serif;\"><span style=\"font-size: medium;\"><span style=\"font-family: Calibri, serif;\"><span style=\"font-size: small;\">R$ 380,00<\/span><\/span><\/span><\/span><\/span><\/p>\n<\/td>\n<td width=\"56\">\n<p align=\"center\"><span style=\"color: #000000;\"><span style=\"font-family: Arial, serif;\"><span style=\"font-size: medium;\"><span style=\"font-family: Calibri, serif;\"><span style=\"font-size: small;\">5%<\/span><\/span><\/span><\/span><\/span><\/p>\n<\/td>\n<td width=\"66\">\n<p align=\"center\"><span style=\"color: #000000;\"><span style=\"font-family: Arial, serif;\"><span style=\"font-size: medium;\"><span style=\"font-family: Calibri, serif;\"><span style=\"font-size: small;\">10%<\/span><\/span><\/span><\/span><\/span><\/p>\n<\/td>\n<\/tr>\n<tr>\n<td width=\"108\"><span style=\"color: #000000;\"><span style=\"color: #000000;\"><span style=\"font-family: Arial, serif;\"><span style=\"font-size: medium;\"><span style=\"font-family: Calibri, serif;\"><span style=\"font-size: small;\">Mercure Boulevard<br \/>\n<\/span><\/span><\/span><\/span><\/span><\/span><span style=\"color: #000000;\"><span style=\"font-family: Arial, serif;\"><span style=\"font-size: medium;\"><span style=\"font-family: Calibri, serif;\"><span style=\"font-size: small;\"><span style=\"color: red;\">(On-Request)<\/span><\/span><\/span><\/span><\/span><\/span><\/td>\n<td width=\"93\">\n<p align=\"center\"><span style=\"color: #000000;\"><span style=\"font-family: Arial, serif;\"><span style=\"font-size: medium;\"><span style=\"font-family: Calibri, serif;\"><span style=\"font-size: small;\">Comfortable<\/span><\/span><\/span><\/span><\/span><\/p>\n<\/td>\n<td width=\"114\">\n<p align=\"center\"><span style=\"color: #000000;\"><span style=\"font-family: Arial, serif;\"><span style=\"font-size: medium;\"><span style=\"font-family: Calibri, serif;\"><span style=\"font-size: small;\">5,7 km | 3,5 mi<\/span><\/span><\/span><\/span><\/span><\/p>\n<\/td>\n<td width=\"72\">\n<p align=\"center\"><span style=\"color: #000000;\"><span style=\"font-family: Arial, serif;\"><span style=\"font-size: medium;\"><span style=\"font-family: Calibri, serif;\"><span style=\"font-size: small;\">R$ 265,00<\/span><\/span><\/span><\/span><\/span><\/p>\n<\/td>\n<td width=\"98\">\n<p align=\"center\"><span style=\"color: #000000;\"><span style=\"font-family: Arial, serif;\"><span style=\"font-size: medium;\"><span style=\"font-family: Calibri, serif;\"><span style=\"font-size: small;\">R$ 315,00<\/span><\/span><\/span><\/span><\/span><\/p>\n<\/td>\n<td width=\"56\">\n<p align=\"center\"><span style=\"color: #000000;\"><span style=\"font-family: Arial, serif;\"><span style=\"font-size: medium;\"><span style=\"font-family: Calibri, serif;\"><span style=\"font-size: small;\">5%<\/span><\/span><\/span><\/span><\/span><\/p>\n<\/td>\n<td width=\"66\">\n<p align=\"center\"><span style=\"color: #000000;\"><span style=\"font-family: Arial, serif;\"><span style=\"font-size: medium;\"><span style=\"font-family: Calibri, serif;\"><span style=\"font-size: small;\">&#8211;<\/span><\/span><\/span><\/span><\/span><\/p>\n<\/td>\n<\/tr>\n<tr>\n<td width=\"108\"><span style=\"color: #000000;\"><span style=\"font-family: Arial, serif;\"><span style=\"font-size: medium;\"><span style=\"font-family: Calibri, serif;\"><span style=\"font-size: small;\">Hotel Regente <\/span><\/span><\/span><\/span><\/span><\/td>\n<td width=\"93\">\n<p align=\"center\"><span style=\"color: #000000;\"><span style=\"font-family: Arial, serif;\"><span style=\"font-size: medium;\"><span style=\"font-family: Calibri, serif;\"><span style=\"font-size: small;\">Comfortable<\/span><\/span><\/span><\/span><\/span><\/p>\n<\/td>\n<td width=\"114\">\n<p align=\"center\"><span style=\"color: #000000;\"><span style=\"font-family: Arial, serif;\"><span style=\"font-size: medium;\"><span style=\"font-family: Calibri, serif;\"><span style=\"font-size: small;\">7,3 km | 4,5 mi<\/span><\/span><\/span><\/span><\/span><\/p>\n<\/td>\n<td width=\"72\">\n<p align=\"center\"><span style=\"color: #000000;\"><span style=\"font-family: Arial, serif;\"><span style=\"font-size: medium;\"><span style=\"font-family: Calibri, serif;\"><span style=\"font-size: small;\">R$ 219,00<\/span><\/span><\/span><\/span><\/span><\/p>\n<\/td>\n<td width=\"98\">\n<p align=\"center\"><span style=\"color: #000000;\"><span style=\"font-family: Arial, serif;\"><span style=\"font-size: medium;\"><span style=\"font-family: Calibri, serif;\"><span style=\"font-size: small;\">R$ 239,00<\/span><\/span><\/span><\/span><\/span><\/p>\n<\/td>\n<td width=\"56\">\n<p align=\"center\"><span style=\"color: #000000;\"><span style=\"font-family: Arial, serif;\"><span style=\"font-size: medium;\"><span style=\"font-family: Calibri, serif;\"><span style=\"font-size: small;\">&#8211;<\/span><\/span><\/span><\/span><\/span><\/p>\n<\/td>\n<td width=\"66\">\n<p align=\"center\"><span style=\"color: #000000;\"><span style=\"font-family: Arial, serif;\"><span style=\"font-size: medium;\"><span style=\"font-family: Calibri, serif;\"><span style=\"font-size: small;\">&#8211;<\/span><\/span><\/span><\/span><\/span><\/p>\n<\/td>\n<\/tr>\n<\/tbody>\n<\/table>\n<p>&nbsp;<\/p>\n<h4><\/h4>\n<h4><strong>IMPORTANT<\/strong><\/h4>\n<ul>\n<li>Breakfast and WiFi included in all suggested hotels<\/li>\n<li>All prices are subject to change without prior notes<\/li>\n<li>The confirmation of the reservation is subject to a vacancy in the hotels<\/li>\n<li>Transfer will be provided from the suggested hotels to all conference venues (Hangar Convention Center, Theatro da Paz and Gala Dinner) and back. The transfer schedule will be available at the hotel lobby.<\/li>\n<\/ul>\n<p><strong>For booking please contact Valeverde Turismo mentioning FAUBAI 2019:<br \/>\n<\/strong>+55 91 3218-7333 \/ atendimento@valeverdeturismo.com.br<\/p>\n<p>&nbsp;<\/p>\n<h4><\/h4>\n<h4>CONFERENCE VENUE<\/h4>\n<p>The Conference will take place at the Hangar Conven\u00e7\u00f5es &amp; Feiras da Amaz\u00f4nia, at Av. Doutor Freitas, s\/n &#8211; Marco, Bel\u00e9m \/PA. Click on the map below to access the interactive map.<\/p>\n<p><iframe loading=\"lazy\" style=\"border: 0;\" src=\"https:\/\/www.google.com\/maps\/embed?pb=!1m18!1m12!1m3!1d3988.5900699895847!2d-48.45896598512591!3d-1.4217251989631154!2m3!1f0!2f0!3f0!3m2!1i1024!2i768!4f13.1!3m3!1m2!1s0x92a48b899ad1cfc5%3A0x3d9b576adf20e9e2!2sHangar+Conven%C3%A7%C3%B5es+%26+Feiras+da+Amaz%C3%B4nia!5e0!3m2!1spt-BR!2sbr!4v1550167823563\" width=\"661\" height=\"450\" frameborder=\"0\" allowfullscreen=\"allowfullscreen\"><\/iframe><\/p>\n<p>&nbsp;<\/p>\n<h4>LOCAL TOURS<\/h4>\n<p align=\"center\"><img loading=\"lazy\" decoding=\"async\" class=\"alignnone wp-image-141 size-full\" src=\"http:\/\/www.faubai.org.br\/conf\/2019\/wp-content\/uploads\/2019\/04\/yourTrip.jpeg\" alt=\"\" width=\"802\" height=\"732\" \/><\/p>\n<p style=\"text-align: center;\"><a href=\"https:\/\/www.valeverdeturismo.com.br\/\" target=\"_blank\" rel=\"noopener\">https:\/\/www.valeverdeturismo.com.br\/<\/a><\/p>\n","protected":false},"excerpt":{"rendered":"<p>The Valeverde Turismo is FAUBAI\u2019s official agency for hotels, transfer and tourism. Check out FAUBAI\u2019s Practical Guide for further information. HOTELS Price Per Night Additional Charges Hotels Types Distance to Hangar Convention Center Single Double ISS TAX Radisson- Business (unavailable) Very Comfortable 7,2 km | 4,5 mi R$ 425,00 R$475,00 5% 10% Radisson- Executive (unavailable) [&hellip;]<\/p>\n","protected":false},"author":1,"featured_media":0,"parent":0,"menu_order":0,"comment_status":"closed","ping_status":"closed","template":"","meta":{"footnotes":""},"_links":{"self":[{"href":"https:\/\/faubai.org.br\/conf\/2019\/wp-json\/wp\/v2\/pages\/122"}],"collection":[{"href":"https:\/\/faubai.org.br\/conf\/2019\/wp-json\/wp\/v2\/pages"}],"about":[{"href":"https:\/\/faubai.org.br\/conf\/2019\/wp-json\/wp\/v2\/types\/page"}],"author":[{"embeddable":true,"href":"https:\/\/faubai.org.br\/conf\/2019\/wp-json\/wp\/v2\/users\/1"}],"replies":[{"embeddable":true,"href":"https:\/\/faubai.org.br\/conf\/2019\/wp-json\/wp\/v2\/comments?post=122"}],"version-history":[{"count":28,"href":"https:\/\/faubai.org.br\/conf\/2019\/wp-json\/wp\/v2\/pages\/122\/revisions"}],"predecessor-version":[{"id":228,"href":"https:\/\/faubai.org.br\/conf\/2019\/wp-json\/wp\/v2\/pages\/122\/revisions\/228"}],"wp:attachment":[{"href":"https:\/\/faubai.org.br\/conf\/2019\/wp-json\/wp\/v2\/media?parent=122"}],"curies":[{"name":"wp","href":"https:\/\/api.w.org\/{rel}","templated":true}]}}