{"id":60,"date":"2017-10-27T06:38:24","date_gmt":"2017-10-27T08:38:24","guid":{"rendered":"http:\/\/www.faubai.org.br\/conf\/2018\/?page_id=60"},"modified":"2018-01-23T09:13:59","modified_gmt":"2018-01-23T11:13:59","slug":"about-faubai-2018","status":"publish","type":"page","link":"https:\/\/faubai.org.br\/conf\/2018\/about-faubai-2018\/","title":{"rendered":"About FAUBAI 2018"},"content":{"rendered":"<p><strong>Conference Venue<\/strong><\/p>\n<div><strong><span style=\"font-family: arial, helvetica, sans-serif;\"><span style=\"color: #000000;\">14\/04 &#8211;\u00a0<\/span>Saturday\u00a0<\/span><\/strong><\/div>\n<div><span style=\"font-family: arial, helvetica, sans-serif;\"><span style=\"color: #000000;\">Pontif\u00edcia Universidade Cat\u00f3lica do Rio de Janeiro<br \/>\n<a href=\"https:\/\/maps.google.com\/?q=Rua+Marqu%C3%AAs+de+S%C3%A3o+Vicente,+225,+G%C3%A1vea+Rio+de+Janeiro,+RJ&amp;entry=gmail&amp;source=g\">Rua Marqu\u00eas de S\u00e3o Vicente, 225, G\u00e1vea<\/a><br \/>\n<a href=\"https:\/\/maps.google.com\/?q=Rua+Marqu%C3%AAs+de+S%C3%A3o+Vicente,+225,+G%C3%A1vea+Rio+de+Janeiro,+RJ&amp;entry=gmail&amp;source=g\">Rio de Janeiro, RJ<\/a>\u00a0&#8211; 22451-900\u00a0<\/span><br \/>\n<\/span><\/div>\n<div><\/div>\n<div>\n<hr \/>\n<\/div>\n<div><strong><span style=\"color: #000000;\">15\/04 &#8211;\u00a0<\/span>Sunday<\/strong><\/div>\n<div><span style=\"font-family: arial, helvetica, sans-serif;\"><span style=\"color: #000000;\">Teatro Odylo Costa Filho (UERJ)<\/span><\/span><\/div>\n<div><span style=\"font-family: arial, helvetica, sans-serif;\"><a href=\"https:\/\/maps.google.com\/?q=R.+S%C3%A3o+Francisco+Xavier,+524+-+Maracan%C3%A3Rio+de+Janeiro+-+RJ,+20550-013&amp;entry=gmail&amp;source=g\">R. S\u00e3o Francisco Xavier, 524 &#8211; Maracan\u00e3<\/a><\/span><\/div>\n<div><span style=\"font-family: arial, helvetica, sans-serif;\"><a href=\"https:\/\/maps.google.com\/?q=R.+S%C3%A3o+Francisco+Xavier,+524+-+Maracan%C3%A3Rio+de+Janeiro+-+RJ,+20550-013&amp;entry=gmail&amp;source=g\">Rio de Janeiro &#8211; RJ, 20550-013<\/a><br \/>\n<\/span><\/div>\n<div><\/div>\n<div>\n<hr \/>\n<\/div>\n<div><strong><span style=\"font-family: arial, helvetica, sans-serif;\">From 16\/04 to 18\/04 &#8211; Monday to Wednesday<\/span><\/strong><\/div>\n<div>\n<div class=\"m_7644254778612827560gmail-place-name\"><span style=\"color: #000000; font-family: arial, helvetica, sans-serif;\">SulAm\u00e9rica Convention Center<\/span><\/div>\n<\/div>\n<div class=\"m_7644254778612827560gmail-address\"><span style=\"color: #000000; font-family: arial, helvetica, sans-serif;\"><a href=\"https:\/\/maps.google.com\/?q=Av.+Paulo+de+Frontin,+1+-+Cidade+NovaRio+de+Janeiro+-+RJ,+20260-010&amp;entry=gmail&amp;source=g\">Av. Paulo de Frontin, 1 &#8211; Cidade Nova<\/a><\/span><\/div>\n<div class=\"m_7644254778612827560gmail-address\"><span style=\"color: #000000; font-family: arial, helvetica, sans-serif;\"><a href=\"https:\/\/maps.google.com\/?q=Av.+Paulo+de+Frontin,+1+-+Cidade+NovaRio+de+Janeiro+-+RJ,+20260-010&amp;entry=gmail&amp;source=g\">Rio de Janeiro &#8211; RJ, 20260-010<\/a><\/span><br \/>\n<iframe loading=\"lazy\" src=\"https:\/\/www.google.com\/maps\/embed?pb=!1m18!1m12!1m3!1d29399.980946498217!2d-43.2233264987023!3d-22.913458691760283!2m3!1f0!2f0!3f0!3m2!1i1024!2i768!4f13.1!3m3!1m2!1s0x997f0056854d75%3A0x539b0105727ec977!2sCentro+de+Conven%C3%A7%C3%B5es+SulAm%C3%A9rica!5e0!3m2!1spt-BR!2sbr!4v1504728335678\" width=\"600\" height=\"450\" frameborder=\"0\" allowfullscreen=\"allowfullscreen\" data-mce-fragment=\"1\"><\/iframe><\/div>\n","protected":false},"excerpt":{"rendered":"<p>Conference Venue 14\/04 &#8211;\u00a0Saturday\u00a0 Pontif\u00edcia Universidade Cat\u00f3lica do Rio de Janeiro Rua Marqu\u00eas de S\u00e3o Vicente, 225, G\u00e1vea Rio de Janeiro, RJ\u00a0&#8211; 22451-900\u00a0 15\/04 &#8211;\u00a0Sunday Teatro Odylo Costa Filho (UERJ) R. S\u00e3o Francisco Xavier, 524 &#8211; Maracan\u00e3 Rio de Janeiro &#8211; RJ, 20550-013 From 16\/04 to 18\/04 &#8211; Monday to Wednesday SulAm\u00e9rica Convention Center Av. [&hellip;]<\/p>\n","protected":false},"author":1,"featured_media":0,"parent":0,"menu_order":0,"comment_status":"closed","ping_status":"closed","template":"","meta":{"footnotes":""},"_links":{"self":[{"href":"https:\/\/faubai.org.br\/conf\/2018\/wp-json\/wp\/v2\/pages\/60"}],"collection":[{"href":"https:\/\/faubai.org.br\/conf\/2018\/wp-json\/wp\/v2\/pages"}],"about":[{"href":"https:\/\/faubai.org.br\/conf\/2018\/wp-json\/wp\/v2\/types\/page"}],"author":[{"embeddable":true,"href":"https:\/\/faubai.org.br\/conf\/2018\/wp-json\/wp\/v2\/users\/1"}],"replies":[{"embeddable":true,"href":"https:\/\/faubai.org.br\/conf\/2018\/wp-json\/wp\/v2\/comments?post=60"}],"version-history":[{"count":6,"href":"https:\/\/faubai.org.br\/conf\/2018\/wp-json\/wp\/v2\/pages\/60\/revisions"}],"predecessor-version":[{"id":208,"href":"https:\/\/faubai.org.br\/conf\/2018\/wp-json\/wp\/v2\/pages\/60\/revisions\/208"}],"wp:attachment":[{"href":"https:\/\/faubai.org.br\/conf\/2018\/wp-json\/wp\/v2\/media?parent=60"}],"curies":[{"name":"wp","href":"https:\/\/api.w.org\/{rel}","templated":true}]}}